{"id":3847,"date":"2019-05-01T18:23:51","date_gmt":"2019-05-01T17:23:51","guid":{"rendered":"https:\/\/gunsmithdesigner.com\/?page_id=3847"},"modified":"2022-05-22T19:05:30","modified_gmt":"2022-05-22T18:05:30","slug":"liste-des-articles","status":"publish","type":"page","link":"https:\/\/gunsmithdesigner.com\/index.php\/liste-des-articles\/","title":{"rendered":"Liste des articles"},"content":{"rendered":"<p style=\"text-align: center\">Vous trouverez ci-dessous la liste des articles disponibles sur le site gunsmithdesiger.com.<\/p>\n<p style=\"text-align: center\"><strong>Cliquer sur le lien pour d\u00e9couvrir et lire l&#8217;article directement.<\/strong><\/p>\n<ol>\n<li><a href=\"https:\/\/gunsmithdesigner.com\/index.php\/2016\/07\/17\/carabine-norinco-jw-15\/\">Carabine Norinco jw15 didactique<\/a> (publi\u00e9 le 17 juillet 2016)<\/li>\n<li><a href=\"https:\/\/gunsmithdesigner.com\/index.php\/2016\/07\/25\/revolver-mas-mle-1892-evolution-de-la-conception-armuriere\/\">Revolver MAS mle 1892, r\u00e9alisation armuri\u00e8re et \u00e9volution du contexte<\/a> (publi\u00e9 le 25 juillet 2016)<\/li>\n<li><a href=\"https:\/\/gunsmithdesigner.com\/index.php\/2016\/08\/07\/comparatif_calibre_ammo_8-mm_1892_765browning_32acp\/\">Comparatif : le calibre 8 mm 1892 \/ 7,65 Browning<\/a> (publi\u00e9 le 07 aout 2016)<\/li>\n<li><a href=\"https:\/\/gunsmithdesigner.com\/index.php\/2016\/11\/01\/le-fusil-mle-1866-chassepot-1\/\">Le fusil mle 1866 Chassepot 1\/2<\/a> (publi\u00e9 le 01 novembre 2016)<\/li>\n<li><a href=\"https:\/\/gunsmithdesigner.com\/index.php\/2016\/11\/02\/le-fusil-mle-1866-chassepot-2\/\">Le fusil mle 1866 Chassepot 2\/2<\/a> (publi\u00e9 le 02 novembre 2016)<\/li>\n<li><a href=\"https:\/\/gunsmithdesigner.com\/index.php\/2016\/11\/03\/le-pistolet-bernardelli-baby-12\/\">Le pistolet Bernardelli baby en calibre 6,35 mm 1\/2<\/a> (publi\u00e9 le 03 novembre 2016)<\/li>\n<li><a href=\"https:\/\/gunsmithdesigner.com\/index.php\/2016\/11\/27\/le-pistolet-bernardelli-baby-635-mm-25-acp-2\/\">Le pistolet Bernardelli baby en calibre 6,35 mm 2\/2<\/a> (publi\u00e9 le 27 novembre 2016)<\/li>\n<li><a href=\"https:\/\/gunsmithdesigner.com\/index.php\/2017\/02\/05\/le-pistolet-sterling-302\/\">Le pistolet Sterling 302 en 22 Lr<\/a> (publi\u00e9 le 05 f\u00e9vrier 2017)<\/li>\n<li><a href=\"https:\/\/gunsmithdesigner.com\/index.php\/2017\/03\/13\/fein-65-demontage-du-canon\/\">FEIN 65, d\u00e9montage du canon<\/a> (publi\u00e9 le 13 mars 2017)<\/li>\n<li><a href=\"https:\/\/gunsmithdesigner.com\/index.php\/2017\/04\/03\/manufrance-buffalo\/\">Le m\u00e9canisme Manufrance Buffalo<\/a> (publi\u00e9 le 03 avril 2017)<\/li>\n<li><a href=\"https:\/\/gunsmithdesigner.com\/index.php\/2017\/04\/15\/ak-47-khyber-pass\/\">AK 47 de la Khyber pass ?<\/a> (publi\u00e9 le 15 avril 2017)<\/li>\n<li><a href=\"https:\/\/gunsmithdesigner.com\/index.php\/2017\/11\/09\/winchester-94-demontage-du-canon\/\">Winchester 94, d\u00e9montage et remontage du canon<\/a> (publi\u00e9 le 09 novembre 2017)<\/li>\n<li><a href=\"https:\/\/gunsmithdesigner.com\/index.php\/2018\/01\/07\/un-lebel-1886-a-kaboul\/\">Un Lebel 1886 \u00e0 Kaboul<\/a> (publi\u00e9 le 07 janvier 2018)<\/li>\n<li><a href=\"https:\/\/gunsmithdesigner.com\/index.php\/2018\/01\/27\/revolver-charter-arms-une-autre-voie-vers-la-simplification\/\">Le revolver Charter arms, une autre voie vers la simplification<\/a> (publi\u00e9 le 27 janvier 2018)<\/li>\n<li><a href=\"https:\/\/gunsmithdesigner.com\/index.php\/2018\/02\/25\/le-pistolet-amt-backup-2-en-380-auto-acp\/\">Le pistolet AMT Backup 2 en 380 acp<\/a> (publi\u00e9 le 25 f\u00e9vrier 2018)<\/li>\n<li><a href=\"https:\/\/gunsmithdesigner.com\/index.php\/2018\/03\/08\/la-fonderie-a-la-cire-perdue-appliquee-a-la-fabrication-des-pieces-darmes\/\">La Fonderie \u00e0 la cire perdue appliqu\u00e9e \u00e0 la fabrication des pi\u00e8ces d&#8217;armes<\/a> (publi\u00e9 le 06 mars 2018)<\/li>\n<li><a href=\"https:\/\/gunsmithdesigner.com\/index.php\/2018\/03\/15\/le-pistolet-lepage-mle-1924-en-765-mm-browning\/\">Le pistolet Lepage Mle 1924 en 7,65 mm Browning<\/a> (publi\u00e9 le 15 mars 2018)<\/li>\n<li><a href=\"https:\/\/gunsmithdesigner.com\/index.php\/2018\/04\/29\/winchester-94-demontage-du-canon-ep-2\/\">Winchester 94, d\u00e9montage du canon ep 2<\/a> (publi\u00e9 le 29 avril 2018)<\/li>\n<li><a href=\"https:\/\/gunsmithdesigner.com\/index.php\/2018\/05\/10\/ruger-mk-2-demontage-remontage-du-canon\/\">Ruger MK II, d\u00e9montage et remontage du canon<\/a> (publi\u00e9 le 10 mai 2018)<\/li>\n<li><a href=\"https:\/\/gunsmithdesigner.com\/index.php\/2018\/05\/12\/schema-directeur-des-avancees-techniques-du-pistolet-reglementaire-francais\/\">Le sch\u00e9ma directeur des avanc\u00e9es techniques du pistolet r\u00e9glementaire fran\u00e7ais<\/a> (publi\u00e9 le 12 mai 2018)<\/li>\n<li><a href=\"https:\/\/gunsmithdesigner.com\/index.php\/2018\/05\/16\/le-successeur-du-pa-sig-pro-2022\/\">Le successeur du PA SIG PRO 2022<\/a> (publi\u00e9 le 16 mai 2018)<\/li>\n<li><a href=\"https:\/\/gunsmithdesigner.com\/index.php\/2018\/05\/21\/le-pistolet-mac-35-a\/\">Le pistolet MAC 35 A<\/a> (publi\u00e9 le 21 mai 2018)<\/li>\n<li><a href=\"https:\/\/gunsmithdesigner.com\/index.php\/2018\/05\/23\/la-simplification-par-la-division-et-le-pistolet-jager\/\">La simplification par la division et le pistolet Jager<\/a> (publi\u00e9 le 23 mai 2018)<\/li>\n<li><a href=\"https:\/\/gunsmithdesigner.com\/index.php\/2018\/05\/26\/le-pistolet-canik-tp9-sf\/\">Le pistolet CANIK TP9 SF<\/a> (publi\u00e9 le 26 mai 2018)<\/li>\n<li><a href=\"https:\/\/gunsmithdesigner.com\/index.php\/2018\/06\/11\/le-fusil-a-pompe-squire-bingham-calibre-12\/\">Le fusil \u00e0 pompe Squire Bingham calibre 12<\/a> (publi\u00e9 le 11 juin 2018)<\/li>\n<li><a href=\"https:\/\/gunsmithdesigner.com\/index.php\/2018\/10\/14\/le-revolver-colt-detective-en-38-sp\/\">Le revolver Colt D\u00e9tective en 38 sp<\/a> (publi\u00e9 le 14 octobre 2018)<\/li>\n<li><a href=\"https:\/\/gunsmithdesigner.com\/index.php\/2018\/11\/01\/le-pistolet-walther-p38-p1-interarms-9mm\/\">Le pistolet Walther P38 \/ P1 Interarms en 9 mm<\/a> (publi\u00e9 le 01 novembre 2018)<\/li>\n<li><a href=\"https:\/\/gunsmithdesigner.com\/index.php\/2018\/12\/04\/le-pa-mas-g1-s-1-2\/\">Le PA MAS G1 S 1\/2<\/a> (publi\u00e9 le 04 d\u00e9cembre 2018)<\/li>\n<li><a href=\"https:\/\/gunsmithdesigner.com\/index.php\/2018\/12\/12\/le-pistolet-ruger-sr9-en-9-mm\/\">Le pistolet Ruger SR9 en 9 mm<\/a> (publi\u00e9 le 12 d\u00e9cembre 2018)<\/li>\n<li><a href=\"https:\/\/gunsmithdesigner.com\/index.php\/2018\/12\/23\/le-pistolet-springfield-xd-9-sub-compact\/\">Le pistolet Springfield XD-9 sub-compact<\/a> (publi\u00e9 le 23 d\u00e9cembre 2018)<\/li>\n<li><a href=\"https:\/\/gunsmithdesigner.com\/index.php\/2018\/12\/29\/linsert-metallique-des-chargeurs-de-hk-ump\/\">L&#8217;insert m\u00e9tallique des chargeurs de HK UMP<\/a> (publi\u00e9 le 29d\u00e9cembre 2018)<\/li>\n<li><a href=\"https:\/\/gunsmithdesigner.com\/index.php\/2019\/01\/07\/le-pa-mas-g1s-2-2\/\">Le PA MAS G1S 2\/2<\/a> (publi\u00e9 le 07 janvier 2019)<\/li>\n<li><a href=\"https:\/\/gunsmithdesigner.com\/index.php\/2019\/01\/21\/le-pistolet-colt-combat-commander-en-45-acp\/\">Le pistolet Colt Combat Commander en 45 acp<\/a> (publi\u00e9 le 21 janvier 2019)<\/li>\n<li><a href=\"https:\/\/gunsmithdesigner.com\/index.php\/2019\/02\/18\/le-mecanisme-pedretti\/\">Le m\u00e9canisme Pedretti<\/a> (publi\u00e9 le 18 f\u00e9vrier 2019)<\/li>\n<li><a href=\"https:\/\/gunsmithdesigner.com\/index.php\/2019\/03\/10\/le-pistolet-walther-pp-en-765-browning\/\">Le pistolet Walther PP en 7,65 Browning<\/a> (publi\u00e9 le 10 mars 2019)<\/li>\n<li><a href=\"https:\/\/gunsmithdesigner.com\/index.php\/2019\/03\/30\/le-pistolet-manufrance-le-francais-en-765-mm\/\">Le pistolet Manufrance Le fran\u00e7ais en 7,65 mm<\/a> (publi\u00e9 le 30 mars 2019)<\/li>\n<li><a href=\"https:\/\/gunsmithdesigner.com\/index.php\/2019\/04\/13\/le-pistolet-manufrance-le-francais-en-635-mm\/\">Le pistolet Manufrance Le Fran\u00e7ais en 6,35 mm<\/a> (publi\u00e9 le 13 avril 2019)<\/li>\n<li><a href=\"https:\/\/gunsmithdesigner.com\/index.php\/2019\/04\/17\/un-canon-filete-pour-glock-17\/\">Un canon filet\u00e9 pour Glock 17<\/a> (publi\u00e9 le 21 avril 2019)<\/li>\n<li><a href=\"https:\/\/gunsmithdesigner.com\/index.php\/2019\/05\/05\/le-pistolet-rolling-block-uberti-en-22-lr\/\">Le pistolet rolling block Uberti en 22 Lr<\/a> (publi\u00e9 le 27 avril 2019)<\/li>\n<li><a href=\"https:\/\/gunsmithdesigner.com\/index.php\/2019\/05\/26\/le-pistolet-glock-30s-en-45-acp\/\">Le pistolet Glock 30S en 45 acp<\/a> (publi\u00e9 le 27 mai 2019)<\/li>\n<li><a href=\"https:\/\/gunsmithdesigner.com\/index.php\/2019\/05\/30\/le-pistolet-taurus-pt-140-pro-millenium-en-40-s-w\/\">Le pistolet Taurus PT 140 pro Millenium en 40 s\/w<\/a> (publi\u00e9 le 30 mai 2019)<\/li>\n<li>\u00a0<a href=\"https:\/\/gunsmithdesigner.com\/index.php\/2019\/06\/09\/les-inserts-metalliques-du-pistolet-ruger-sr9\/\">Les inserts m\u00e9talliques du pistolet Ruger SR9<\/a> (publi\u00e9 le 08 juin 2019)<\/li>\n<li><a href=\"https:\/\/gunsmithdesigner.com\/index.php\/2019\/06\/13\/la-kalashnikoff-ak47-airsoft-a-ressort-de-cybergun\/\">La Kalashnikov AK47 airsoft \u00e0 ressort de Cybergun<\/a> (publi\u00e9 le 13 juin 2019)<\/li>\n<li><a href=\"https:\/\/gunsmithdesigner.com\/index.php\/2019\/06\/23\/le-revolver-dan-et-wesson-en-357-magnum\/\">Le revolver Dan Wesson en 357 magnum<\/a> (publi\u00e9 le 23 juin 2019)<\/li>\n<li><a href=\"https:\/\/gunsmithdesigner.com\/index.php\/2019\/06\/30\/le-m4-a1-commando-airsoft-a-ressort-de-kiddos-airsoft\/\">Le M4-A1 commando airsoft \u00e0 ressort de Kiddos airsoft<\/a> (publi\u00e9 le 30 juin 2019)<\/li>\n<li><a href=\"https:\/\/gunsmithdesigner.com\/index.php\/2019\/07\/08\/le-revolver-smith-et-wesson-bodyguard-en-38-sp-p\/\">Le revolver Smith et Wesson Bodyguard en 38 sp + P<\/a> (publi\u00e9 le 07 juillet 2019)<\/li>\n<li><a href=\"https:\/\/gunsmithdesigner.com\/index.php\/2019\/07\/14\/le-revolver-smith-et-wesson-modele-10-en-calibre-38-sp\/\">Le revolver Smith et Wesson mod\u00e8le 10 en 38 sp<\/a> (publi\u00e9 le 13 juillet 2019)<\/li>\n<li><a href=\"https:\/\/gunsmithdesigner.com\/index.php\/2019\/07\/14\/linsert-metallique-de-la-poignee-du-smith-et-wesson-bodyguard-en-38-sp-p\/\">Les inserts m\u00e9talliques de la poign\u00e9e du Smith et Wesson Bodyguard<\/a> (publi\u00e9 le 14 juillet 2019)<\/li>\n<li><a href=\"https:\/\/gunsmithdesigner.com\/index.php\/2019\/07\/28\/le-revolver-smith-et-wesson-modele-1899-en-38-sp\/\">Le revolver Smith et Wesson mod\u00e8le 1899<\/a> (publi\u00e9 le 27 juillet 2019)<\/li>\n<li><a href=\"https:\/\/gunsmithdesigner.com\/index.php\/2019\/10\/13\/le-pistolet-melior-en-635-mm\/\">Le pistolet M\u00e9lior en 6,35 mm<\/a> (publi\u00e9 le 12 octobre 2019)<\/li>\n<li><a href=\"https:\/\/gunsmithdesigner.com\/index.php\/2019\/10\/23\/du-pas-des-rayures-et-de-la-longueur-des-canons\/\">Du pas des rayures et de la longueur des canons<\/a> (publi\u00e9 le 23 octobre 2019)<\/li>\n<li><a href=\"https:\/\/gunsmithdesigner.com\/index.php\/2019\/11\/03\/le-pistolet-smith-et-wesson-bodyguard-en-380-auto\/\">Le pistolet Smith et Wesson Bodyguard en 380 acp<\/a> (publi\u00e9 le 03 novembre 2019)<\/li>\n<li><a href=\"https:\/\/gunsmithdesigner.com\/index.php\/2020\/03\/26\/le-revolver-colt-python-en-357-magnum\/\">Le revolver Colt Python en 357 magnum<\/a> (publi\u00e9 le 20 mars 2020)<\/li>\n<li><a href=\"https:\/\/gunsmithdesigner.com\/index.php\/2020\/04\/04\/le-revolver-manurhin-mr-73-en-357-magnum\/\">Le revolver Manurhin MR 73 en 357 magnum<\/a> (publi\u00e9 le 11 avril 2020)<\/li>\n<li><a href=\"https:\/\/gunsmithdesigner.com\/index.php\/2021\/02\/01\/le-pm-thompson-1928-a1-en-45-acp\/\">Le PM Thompson 1928 A1 en 45 acp<\/a> (publi\u00e9 le 01 f\u00e9vrier 2021)<\/li>\n<li><a href=\"https:\/\/gunsmithdesigner.com\/index.php\/2021\/02\/28\/le-revolver-smith-et-wesson-modele-686-en-calibre-357-magnum\/\">Le revolver Smith et Wesson mod\u00e8le 686 en 357 magnum<\/a> (publi\u00e8 le 28 f\u00e9vrier 2021)<\/li>\n<li><a href=\"https:\/\/gunsmithdesigner.com\/index.php\/2021\/05\/08\/le-revolver-smith-et-wesson-modele-36-en-calibre-38-sp\/\">Le revolver Smith et Wesson mod\u00e8le 36 en 38 sp\u00e9cial<\/a> (publi\u00e9 le 08 mars 2021)<\/li>\n<li><a href=\"https:\/\/gunsmithdesigner.com\/index.php\/2022\/04\/27\/le-pistolet-sig-pro-2022-airsoft-de-la-gendarmerie-nationale-par-cybergun-spartan\/\">Le pistolet SIG PRO 2022 Airsoft de la Gendarmerie Nationale de Spartan \/ Cybergun<\/a> (publi\u00e9 le 30 avril 2022)<\/li>\n<li><a href=\"https:\/\/gunsmithdesigner.com\/index.php\/2022\/05\/22\/le-pistolet-walther-manurhin-pp-sport-en-22-lr\/\">Le pistolet Walther \/ Manurhin PP Sport en 22 Lr<\/a> (publi\u00e9 le 22 mai 2022)<\/li>\n<li>Le m\u00e9canisme AK 47 (\u00e0 lire prochainement)<\/li>\n<\/ol>\n<p>&nbsp;<\/p>\n<p>&nbsp;<\/p>\n<p>&nbsp;<\/p>\n<p>&nbsp;<\/p>\n<p>&nbsp;<\/p>\n<p>&nbsp;<\/p>\n","protected":false},"excerpt":{"rendered":"<p>Vous trouverez ci-dessous la liste des articles disponibles sur le site gunsmithdesiger.com. Cliquer sur le lien pour d\u00e9couvrir et lire l&#8217;article directement. Carabine Norinco jw15 didactique (publi\u00e9 le 17 juillet 2016) Revolver MAS mle 1892, r\u00e9alisation armuri\u00e8re et \u00e9volution du &hellip; <a href=\"https:\/\/gunsmithdesigner.com\/index.php\/liste-des-articles\/\">Continuer la lecture <span class=\"meta-nav\">&rarr;<\/span><\/a><\/p>\n","protected":false},"author":1,"featured_media":0,"parent":0,"menu_order":0,"comment_status":"closed","ping_status":"closed","template":"","meta":{"_monsterinsights_skip_tracking":false,"_monsterinsights_sitenote_active":false,"_monsterinsights_sitenote_note":"","_monsterinsights_sitenote_category":0,"footnotes":""},"class_list":["post-3847","page","type-page","status-publish","hentry"],"yoast_head":"<!-- This site is optimized with the Yoast SEO plugin v24.9 - https:\/\/yoast.com\/wordpress\/plugins\/seo\/ -->\n<title>Liste des articles - gunsmithdesigner.com<\/title>\n<meta name=\"robots\" content=\"index, follow, max-snippet:-1, max-image-preview:large, max-video-preview:-1\" \/>\n<link rel=\"canonical\" href=\"https:\/\/gunsmithdesigner.com\/index.php\/liste-des-articles\/\" \/>\n<meta property=\"og:locale\" content=\"fr_FR\" \/>\n<meta property=\"og:type\" content=\"article\" \/>\n<meta property=\"og:title\" content=\"Liste des articles - gunsmithdesigner.com\" \/>\n<meta property=\"og:description\" content=\"Vous trouverez ci-dessous la liste des articles disponibles sur le site gunsmithdesiger.com. Cliquer sur le lien pour d\u00e9couvrir et lire l&#8217;article directement. Carabine Norinco jw15 didactique (publi\u00e9 le 17 juillet 2016) Revolver MAS mle 1892, r\u00e9alisation armuri\u00e8re et \u00e9volution du &hellip; Continuer la lecture &rarr;\" \/>\n<meta property=\"og:url\" content=\"https:\/\/gunsmithdesigner.com\/index.php\/liste-des-articles\/\" \/>\n<meta property=\"og:site_name\" content=\"gunsmithdesigner.com\" \/>\n<meta property=\"article:modified_time\" content=\"2022-05-22T18:05:30+00:00\" \/>\n<meta name=\"twitter:card\" content=\"summary_large_image\" \/>\n<meta name=\"twitter:label1\" content=\"Dur\u00e9e de lecture estim\u00e9e\" \/>\n\t<meta name=\"twitter:data1\" content=\"5 minutes\" \/>\n<script type=\"application\/ld+json\" class=\"yoast-schema-graph\">{\"@context\":\"https:\/\/schema.org\",\"@graph\":[{\"@type\":\"WebPage\",\"@id\":\"https:\/\/gunsmithdesigner.com\/index.php\/liste-des-articles\/\",\"url\":\"https:\/\/gunsmithdesigner.com\/index.php\/liste-des-articles\/\",\"name\":\"Liste des articles - gunsmithdesigner.com\",\"isPartOf\":{\"@id\":\"https:\/\/gunsmithdesigner.com\/#website\"},\"datePublished\":\"2019-05-01T17:23:51+00:00\",\"dateModified\":\"2022-05-22T18:05:30+00:00\",\"breadcrumb\":{\"@id\":\"https:\/\/gunsmithdesigner.com\/index.php\/liste-des-articles\/#breadcrumb\"},\"inLanguage\":\"fr-FR\",\"potentialAction\":[{\"@type\":\"ReadAction\",\"target\":[\"https:\/\/gunsmithdesigner.com\/index.php\/liste-des-articles\/\"]}]},{\"@type\":\"BreadcrumbList\",\"@id\":\"https:\/\/gunsmithdesigner.com\/index.php\/liste-des-articles\/#breadcrumb\",\"itemListElement\":[{\"@type\":\"ListItem\",\"position\":1,\"name\":\"Accueil\",\"item\":\"https:\/\/gunsmithdesigner.com\/\"},{\"@type\":\"ListItem\",\"position\":2,\"name\":\"Liste des articles\"}]},{\"@type\":\"WebSite\",\"@id\":\"https:\/\/gunsmithdesigner.com\/#website\",\"url\":\"https:\/\/gunsmithdesigner.com\/\",\"name\":\"gunsmithdesigner.com\",\"description\":\"\",\"potentialAction\":[{\"@type\":\"SearchAction\",\"target\":{\"@type\":\"EntryPoint\",\"urlTemplate\":\"https:\/\/gunsmithdesigner.com\/?s={search_term_string}\"},\"query-input\":{\"@type\":\"PropertyValueSpecification\",\"valueRequired\":true,\"valueName\":\"search_term_string\"}}],\"inLanguage\":\"fr-FR\"}]}<\/script>\n<!-- \/ Yoast SEO plugin. -->","yoast_head_json":{"title":"Liste des articles - gunsmithdesigner.com","robots":{"index":"index","follow":"follow","max-snippet":"max-snippet:-1","max-image-preview":"max-image-preview:large","max-video-preview":"max-video-preview:-1"},"canonical":"https:\/\/gunsmithdesigner.com\/index.php\/liste-des-articles\/","og_locale":"fr_FR","og_type":"article","og_title":"Liste des articles - gunsmithdesigner.com","og_description":"Vous trouverez ci-dessous la liste des articles disponibles sur le site gunsmithdesiger.com. Cliquer sur le lien pour d\u00e9couvrir et lire l&#8217;article directement. Carabine Norinco jw15 didactique (publi\u00e9 le 17 juillet 2016) Revolver MAS mle 1892, r\u00e9alisation armuri\u00e8re et \u00e9volution du &hellip; Continuer la lecture &rarr;","og_url":"https:\/\/gunsmithdesigner.com\/index.php\/liste-des-articles\/","og_site_name":"gunsmithdesigner.com","article_modified_time":"2022-05-22T18:05:30+00:00","twitter_card":"summary_large_image","twitter_misc":{"Dur\u00e9e de lecture estim\u00e9e":"5 minutes"},"schema":{"@context":"https:\/\/schema.org","@graph":[{"@type":"WebPage","@id":"https:\/\/gunsmithdesigner.com\/index.php\/liste-des-articles\/","url":"https:\/\/gunsmithdesigner.com\/index.php\/liste-des-articles\/","name":"Liste des articles - gunsmithdesigner.com","isPartOf":{"@id":"https:\/\/gunsmithdesigner.com\/#website"},"datePublished":"2019-05-01T17:23:51+00:00","dateModified":"2022-05-22T18:05:30+00:00","breadcrumb":{"@id":"https:\/\/gunsmithdesigner.com\/index.php\/liste-des-articles\/#breadcrumb"},"inLanguage":"fr-FR","potentialAction":[{"@type":"ReadAction","target":["https:\/\/gunsmithdesigner.com\/index.php\/liste-des-articles\/"]}]},{"@type":"BreadcrumbList","@id":"https:\/\/gunsmithdesigner.com\/index.php\/liste-des-articles\/#breadcrumb","itemListElement":[{"@type":"ListItem","position":1,"name":"Accueil","item":"https:\/\/gunsmithdesigner.com\/"},{"@type":"ListItem","position":2,"name":"Liste des articles"}]},{"@type":"WebSite","@id":"https:\/\/gunsmithdesigner.com\/#website","url":"https:\/\/gunsmithdesigner.com\/","name":"gunsmithdesigner.com","description":"","potentialAction":[{"@type":"SearchAction","target":{"@type":"EntryPoint","urlTemplate":"https:\/\/gunsmithdesigner.com\/?s={search_term_string}"},"query-input":{"@type":"PropertyValueSpecification","valueRequired":true,"valueName":"search_term_string"}}],"inLanguage":"fr-FR"}]}},"_links":{"self":[{"href":"https:\/\/gunsmithdesigner.com\/index.php\/wp-json\/wp\/v2\/pages\/3847","targetHints":{"allow":["GET"]}}],"collection":[{"href":"https:\/\/gunsmithdesigner.com\/index.php\/wp-json\/wp\/v2\/pages"}],"about":[{"href":"https:\/\/gunsmithdesigner.com\/index.php\/wp-json\/wp\/v2\/types\/page"}],"author":[{"embeddable":true,"href":"https:\/\/gunsmithdesigner.com\/index.php\/wp-json\/wp\/v2\/users\/1"}],"replies":[{"embeddable":true,"href":"https:\/\/gunsmithdesigner.com\/index.php\/wp-json\/wp\/v2\/comments?post=3847"}],"version-history":[{"count":21,"href":"https:\/\/gunsmithdesigner.com\/index.php\/wp-json\/wp\/v2\/pages\/3847\/revisions"}],"predecessor-version":[{"id":7670,"href":"https:\/\/gunsmithdesigner.com\/index.php\/wp-json\/wp\/v2\/pages\/3847\/revisions\/7670"}],"wp:attachment":[{"href":"https:\/\/gunsmithdesigner.com\/index.php\/wp-json\/wp\/v2\/media?parent=3847"}],"curies":[{"name":"wp","href":"https:\/\/api.w.org\/{rel}","templated":true}]}}