{"id":412,"date":"2019-05-01T18:38:36","date_gmt":"2019-05-01T17:38:36","guid":{"rendered":"http:\/\/gunsmithdesigner.com\/?page_id=412"},"modified":"2019-05-04T14:49:41","modified_gmt":"2019-05-04T13:49:41","slug":"telechargement","status":"publish","type":"page","link":"https:\/\/gunsmithdesigner.com\/index.php\/telechargement\/","title":{"rendered":"T\u00e9l\u00e9chargement"},"content":{"rendered":"<p>La liste des documents disponibles :<\/p>\n<h2><strong>Armement :<\/strong><\/h2>\n<ul>\n<li><a href=\"http:\/\/gunsmithdesigner.com\/wp-content\/uploads\/2016\/11\/Cours_sur_la_construction_et_la_fabricat.pdf\">Cours sur la construction et la fabrication des armes \u00e0 feu (1848)<\/a><\/li>\n<li><a href=\"https:\/\/gunsmithdesigner.com\/wp-content\/uploads\/2018\/03\/Des-nouvelles-carabines-anglaises-et-am\u00e9ricaines.pdf\">Des nouvelles carabines anglaises et am\u00e9ricaines (1858)<\/a><\/li>\n<li><a href=\"https:\/\/gunsmithdesigner.com\/wp-content\/uploads\/2018\/03\/Des-nouvelles-armes-ray\u00e9es-et-de-leur-role.pdf\">Des nouvelles armes ray\u00e9es et de leur r\u00f4le (1860)<\/a><\/li>\n<li>\u00a0<a href=\"https:\/\/gunsmithdesigner.com\/wp-content\/uploads\/2018\/03\/Trait\u00e9_de_balistique.pdf\">Trait\u00e9 de balistique (1860)<\/a><\/li>\n<li><a href=\"http:\/\/gunsmithdesigner.com\/wp-content\/uploads\/2016\/11\/L_Ann\u00e9e_scientifique_et_industrielle_Le-papier-poudre.pdf\">Le papier poudre \/ L&#8217;ann\u00e9e scientifique et industrielle (1867)<\/a><\/li>\n<li><a href=\"http:\/\/gunsmithdesigner.com\/wp-content\/uploads\/2016\/11\/L_Ann\u00e9e_scientifique_et_industrielle_statistique-guerre-de-crim\u00e9e.pdf\">Statistique de la guerre de Crim\u00e9e \/ L&#8217; ann\u00e9e scientifique et industrielle (1867)<\/a><\/li>\n<li><a href=\"http:\/\/gunsmithdesigner.com\/wp-content\/uploads\/2016\/11\/L_Ann\u00e9e_scientifique_et_industrielle_Ce-que-coute-les-arm\u00e9es.pdf\">Ce que coutent les arm\u00e9es permanentes \/ L&#8217;ann\u00e9e scientifique et industrielle (1867)<\/a><\/li>\n<li><a href=\"http:\/\/gunsmithdesigner.com\/wp-content\/uploads\/2016\/11\/Le_G\u00e9nie_industriel___revue_Chassepot.pdf\">Le Chassepot \/ Le g\u00e9nie industriel (1867)<\/a><\/li>\n<li><a href=\"http:\/\/gunsmithdesigner.com\/wp-content\/uploads\/2016\/11\/LE-chassepot.pdf\">Le chassepot \/ Les merveilles de la science (1870)<\/a><\/li>\n<li><a href=\"http:\/\/gunsmithdesigner.com\/wp-content\/uploads\/2016\/11\/De_larmement_de_lEurope_et_...Parades_de_bpt6k55275101.pdf\">De l&#8217;armement de l&#8217;Europe et des \u00c9tats-Unis Influence du fusil \u00e0 tir rapide sur la tactique et l&#8217;instruction du soldat d&#8217;infanterie (1870)<\/a><\/li>\n<li><a href=\"http:\/\/gunsmithdesigner.com\/wp-content\/uploads\/2016\/11\/Notice_sur_les_cartouches_pour_...Ganidel_P_bpt6k5540557t.pdf\">Notice sur les cartouches pour armes de guerre et notamment sur la cartouche pour fusil Chassepot (1873)<\/a><\/li>\n<li><a href=\"http:\/\/gunsmithdesigner.com\/wp-content\/uploads\/2016\/11\/Le_Fusil_de_petit_calibre_...Habart_Johann_bpt6k5612372v.pdf\">Le fusil de petit calibre et le traitement des blessures par armes \u00e0 feu en campagne (1892)<\/a><\/li>\n<\/ul>\n<h2><strong>Moyens de production :<\/strong><\/h2>\n<ul>\n<li><a href=\"http:\/\/gunsmithdesigner.com\/wp-content\/uploads\/2016\/11\/Le_G\u00e9nie_industriel___revue_..._etau-limeur.pdf\">Etau limeur \/ Le g\u00e9nie industriel (1867)<\/a><\/li>\n<li><a href=\"http:\/\/gunsmithdesigner.com\/wp-content\/uploads\/2016\/11\/Dictionnaire_industriel-de-G-\u00e0-Z_Machine-outils.pdf\">Machines outils \/ Dictionnaire industriel de G \u00e0 Z (1881)<\/a><\/li>\n<\/ul>\n<h2><strong>Manuels :<\/strong><\/h2>\n<ul>\n<li><a href=\"https:\/\/gunsmithdesigner.com\/wp-content\/uploads\/2018\/05\/TP9SFManualFINAL.pdf\">CANIK TP9SF \/ TP40SF<\/a><\/li>\n<li><a href=\"https:\/\/gunsmithdesigner.com\/wp-content\/uploads\/2018\/10\/Manuel-Walther-P38-1.pdf\">Manuel Walther P38-1<\/a><\/li>\n<li><a href=\"https:\/\/gunsmithdesigner.com\/wp-content\/uploads\/2018\/10\/Manuel-Walther-P38-2.pdf\">Manuel Walther P38-2<\/a><\/li>\n<li><a href=\"https:\/\/gunsmithdesigner.com\/wp-content\/uploads\/2018\/10\/Manuel-Walther-P38-3.pdf\">Manuel Walther P38-3<\/a><\/li>\n<li><a href=\"https:\/\/gunsmithdesigner.com\/wp-content\/uploads\/2018\/10\/Manuel-Walther-P38-4.pdf\">Manuel Walther P38-4<\/a><\/li>\n<\/ul>\n","protected":false},"excerpt":{"rendered":"<p>La liste des documents disponibles : Armement : Cours sur la construction et la fabrication des armes \u00e0 feu (1848) Des nouvelles carabines anglaises et am\u00e9ricaines (1858) Des nouvelles armes ray\u00e9es et de leur r\u00f4le (1860) \u00a0Trait\u00e9 de balistique (1860) &hellip; <a href=\"https:\/\/gunsmithdesigner.com\/index.php\/telechargement\/\">Continuer la lecture <span class=\"meta-nav\">&rarr;<\/span><\/a><\/p>\n","protected":false},"author":1,"featured_media":0,"parent":0,"menu_order":0,"comment_status":"closed","ping_status":"closed","template":"","meta":{"_monsterinsights_skip_tracking":false,"_monsterinsights_sitenote_active":false,"_monsterinsights_sitenote_note":"","_monsterinsights_sitenote_category":0,"footnotes":""},"class_list":["post-412","page","type-page","status-publish","hentry"],"yoast_head":"<!-- This site is optimized with the Yoast SEO plugin v24.9 - https:\/\/yoast.com\/wordpress\/plugins\/seo\/ -->\n<title>T\u00e9l\u00e9chargement - gunsmithdesigner.com<\/title>\n<meta name=\"robots\" content=\"index, follow, max-snippet:-1, max-image-preview:large, max-video-preview:-1\" \/>\n<link rel=\"canonical\" href=\"https:\/\/gunsmithdesigner.com\/index.php\/telechargement\/\" \/>\n<meta property=\"og:locale\" content=\"fr_FR\" \/>\n<meta property=\"og:type\" content=\"article\" \/>\n<meta property=\"og:title\" content=\"T\u00e9l\u00e9chargement - gunsmithdesigner.com\" \/>\n<meta property=\"og:description\" content=\"La liste des documents disponibles : Armement : Cours sur la construction et la fabrication des armes \u00e0 feu (1848) Des nouvelles carabines anglaises et am\u00e9ricaines (1858) Des nouvelles armes ray\u00e9es et de leur r\u00f4le (1860) \u00a0Trait\u00e9 de balistique (1860) &hellip; Continuer la lecture &rarr;\" \/>\n<meta property=\"og:url\" content=\"https:\/\/gunsmithdesigner.com\/index.php\/telechargement\/\" \/>\n<meta property=\"og:site_name\" content=\"gunsmithdesigner.com\" \/>\n<meta property=\"article:modified_time\" content=\"2019-05-04T13:49:41+00:00\" \/>\n<meta name=\"twitter:card\" content=\"summary_large_image\" \/>\n<meta name=\"twitter:label1\" content=\"Dur\u00e9e de lecture estim\u00e9e\" \/>\n\t<meta name=\"twitter:data1\" content=\"1 minute\" \/>\n<script type=\"application\/ld+json\" class=\"yoast-schema-graph\">{\"@context\":\"https:\/\/schema.org\",\"@graph\":[{\"@type\":\"WebPage\",\"@id\":\"https:\/\/gunsmithdesigner.com\/index.php\/telechargement\/\",\"url\":\"https:\/\/gunsmithdesigner.com\/index.php\/telechargement\/\",\"name\":\"T\u00e9l\u00e9chargement - gunsmithdesigner.com\",\"isPartOf\":{\"@id\":\"https:\/\/gunsmithdesigner.com\/#website\"},\"datePublished\":\"2019-05-01T17:38:36+00:00\",\"dateModified\":\"2019-05-04T13:49:41+00:00\",\"breadcrumb\":{\"@id\":\"https:\/\/gunsmithdesigner.com\/index.php\/telechargement\/#breadcrumb\"},\"inLanguage\":\"fr-FR\",\"potentialAction\":[{\"@type\":\"ReadAction\",\"target\":[\"https:\/\/gunsmithdesigner.com\/index.php\/telechargement\/\"]}]},{\"@type\":\"BreadcrumbList\",\"@id\":\"https:\/\/gunsmithdesigner.com\/index.php\/telechargement\/#breadcrumb\",\"itemListElement\":[{\"@type\":\"ListItem\",\"position\":1,\"name\":\"Accueil\",\"item\":\"https:\/\/gunsmithdesigner.com\/\"},{\"@type\":\"ListItem\",\"position\":2,\"name\":\"T\u00e9l\u00e9chargement\"}]},{\"@type\":\"WebSite\",\"@id\":\"https:\/\/gunsmithdesigner.com\/#website\",\"url\":\"https:\/\/gunsmithdesigner.com\/\",\"name\":\"gunsmithdesigner.com\",\"description\":\"\",\"potentialAction\":[{\"@type\":\"SearchAction\",\"target\":{\"@type\":\"EntryPoint\",\"urlTemplate\":\"https:\/\/gunsmithdesigner.com\/?s={search_term_string}\"},\"query-input\":{\"@type\":\"PropertyValueSpecification\",\"valueRequired\":true,\"valueName\":\"search_term_string\"}}],\"inLanguage\":\"fr-FR\"}]}<\/script>\n<!-- \/ Yoast SEO plugin. -->","yoast_head_json":{"title":"T\u00e9l\u00e9chargement - gunsmithdesigner.com","robots":{"index":"index","follow":"follow","max-snippet":"max-snippet:-1","max-image-preview":"max-image-preview:large","max-video-preview":"max-video-preview:-1"},"canonical":"https:\/\/gunsmithdesigner.com\/index.php\/telechargement\/","og_locale":"fr_FR","og_type":"article","og_title":"T\u00e9l\u00e9chargement - gunsmithdesigner.com","og_description":"La liste des documents disponibles : Armement : Cours sur la construction et la fabrication des armes \u00e0 feu (1848) Des nouvelles carabines anglaises et am\u00e9ricaines (1858) Des nouvelles armes ray\u00e9es et de leur r\u00f4le (1860) \u00a0Trait\u00e9 de balistique (1860) &hellip; Continuer la lecture &rarr;","og_url":"https:\/\/gunsmithdesigner.com\/index.php\/telechargement\/","og_site_name":"gunsmithdesigner.com","article_modified_time":"2019-05-04T13:49:41+00:00","twitter_card":"summary_large_image","twitter_misc":{"Dur\u00e9e de lecture estim\u00e9e":"1 minute"},"schema":{"@context":"https:\/\/schema.org","@graph":[{"@type":"WebPage","@id":"https:\/\/gunsmithdesigner.com\/index.php\/telechargement\/","url":"https:\/\/gunsmithdesigner.com\/index.php\/telechargement\/","name":"T\u00e9l\u00e9chargement - gunsmithdesigner.com","isPartOf":{"@id":"https:\/\/gunsmithdesigner.com\/#website"},"datePublished":"2019-05-01T17:38:36+00:00","dateModified":"2019-05-04T13:49:41+00:00","breadcrumb":{"@id":"https:\/\/gunsmithdesigner.com\/index.php\/telechargement\/#breadcrumb"},"inLanguage":"fr-FR","potentialAction":[{"@type":"ReadAction","target":["https:\/\/gunsmithdesigner.com\/index.php\/telechargement\/"]}]},{"@type":"BreadcrumbList","@id":"https:\/\/gunsmithdesigner.com\/index.php\/telechargement\/#breadcrumb","itemListElement":[{"@type":"ListItem","position":1,"name":"Accueil","item":"https:\/\/gunsmithdesigner.com\/"},{"@type":"ListItem","position":2,"name":"T\u00e9l\u00e9chargement"}]},{"@type":"WebSite","@id":"https:\/\/gunsmithdesigner.com\/#website","url":"https:\/\/gunsmithdesigner.com\/","name":"gunsmithdesigner.com","description":"","potentialAction":[{"@type":"SearchAction","target":{"@type":"EntryPoint","urlTemplate":"https:\/\/gunsmithdesigner.com\/?s={search_term_string}"},"query-input":{"@type":"PropertyValueSpecification","valueRequired":true,"valueName":"search_term_string"}}],"inLanguage":"fr-FR"}]}},"_links":{"self":[{"href":"https:\/\/gunsmithdesigner.com\/index.php\/wp-json\/wp\/v2\/pages\/412","targetHints":{"allow":["GET"]}}],"collection":[{"href":"https:\/\/gunsmithdesigner.com\/index.php\/wp-json\/wp\/v2\/pages"}],"about":[{"href":"https:\/\/gunsmithdesigner.com\/index.php\/wp-json\/wp\/v2\/types\/page"}],"author":[{"embeddable":true,"href":"https:\/\/gunsmithdesigner.com\/index.php\/wp-json\/wp\/v2\/users\/1"}],"replies":[{"embeddable":true,"href":"https:\/\/gunsmithdesigner.com\/index.php\/wp-json\/wp\/v2\/comments?post=412"}],"version-history":[{"count":0,"href":"https:\/\/gunsmithdesigner.com\/index.php\/wp-json\/wp\/v2\/pages\/412\/revisions"}],"wp:attachment":[{"href":"https:\/\/gunsmithdesigner.com\/index.php\/wp-json\/wp\/v2\/media?parent=412"}],"curies":[{"name":"wp","href":"https:\/\/api.w.org\/{rel}","templated":true}]}}