{"id":4375,"date":"2019-05-01T18:23:51","date_gmt":"2019-05-01T17:23:51","guid":{"rendered":"https:\/\/gunsmithdesigner.com\/?page_id=4375"},"modified":"2022-05-22T19:03:05","modified_gmt":"2022-05-22T18:03:05","slug":"articless-list","status":"publish","type":"page","link":"https:\/\/gunsmithdesigner.com\/index.php\/articless-list\/","title":{"rendered":"Articles&#8217;s list"},"content":{"rendered":"<p style=\"text-align: center\"><span class=\"tlid-translation translation\" lang=\"en\"><span class=\"\" title=\"\">You will find below the list of articles available on gunsmithdesiger.com.<\/span><\/span><\/p>\n<p style=\"text-align: center\"><strong><span class=\"tlid-translation translation\" lang=\"en\"><span class=\"\" title=\"\">Click on the link to discover and read the article directly.<\/span><\/span><\/strong><\/p>\n<ol>\n<li><a href=\"https:\/\/gunsmithdesigner.com\/index.php\/2016\/07\/17\/norinco-rifle-jw15-didactic\/\">Norinco jw15 didactic rifle<\/a> (published on 17 july 2016)<\/li>\n<li><a href=\"https:\/\/gunsmithdesigner.com\/index.php\/2016\/07\/25\/mas-revolver-mle-1892-gunsmith-work-and-evolution-of-the-context\/\">Revolver MAS mle 1892, r\u00e9alisation armuri\u00e8re et \u00e9volution du contexte<\/a> (published on 25 august 2016)<\/li>\n<li><a href=\"https:\/\/gunsmithdesigner.com\/index.php\/2016\/08\/07\/comparative-the-8-mm-1892-7-65-browning\/\">Comparatif : le calibre 8 mm 1892 \/ 7,65 Browning<\/a> (published on 07 august 2016)<\/li>\n<li><a href=\"https:\/\/gunsmithdesigner.com\/index.php\/2016\/11\/01\/the-rifle-mle-1866-chassepot-1-2\/\">The rifle mle 1866 Chassepot 1\/2<\/a> (published on 01 november 2016)<\/li>\n<li><a href=\"https:\/\/gunsmithdesigner.com\/index.php\/2016\/11\/02\/the-rifle-mle-1866-chassepot-2-2\/\">The rifle mle 1866 Chassepot 2\/2<\/a> (published on 02 november 2016)<\/li>\n<li><a href=\"https:\/\/gunsmithdesigner.com\/index.php\/2019\/05\/05\/the-bernardelli-baby-pistol-en-calibre-635-mm-2-2\/\">The Bernardelli baby pistol 25 acp 2\/2<\/a> (published on 02 november 2016)<\/li>\n<li><a href=\"https:\/\/gunsmithdesigner.com\/index.php\/2016\/11\/03\/the-bernardelli-baby-pistol-in-25-acp-1-2\/\">The Bernardelli baby pistol 25 acp 1\/2<\/a> (published on 27 november 2016)<\/li>\n<li><a href=\"https:\/\/gunsmithdesigner.com\/index.php\/2017\/02\/05\/the-sterling-pistol-302-in-22-lr\/\">The Sterling pistol 302 in 22 Lr<\/a> (published on 05 february 2017)<\/li>\n<li><a href=\"https:\/\/gunsmithdesigner.com\/index.php\/2017\/03\/13\/fein-65-dismounting-of-the-barrel\/\">FEIN 65, dismounting of the barrel<\/a> (published on 13 march 2017)<\/li>\n<\/ol>\n<p style=\"text-align: center\"><strong>The articles below will be translate soon :<\/strong><\/p>\n<ol>\n<li><a href=\"https:\/\/gunsmithdesigner.com\/index.php\/2017\/04\/03\/manufrance-buffalo\/\">Le m\u00e9canisme Manufrance Buffalo<\/a> (published on 03 april 2017)<\/li>\n<li><a href=\"https:\/\/gunsmithdesigner.com\/index.php\/2017\/04\/15\/ak-47-khyber-pass\/\">AK 47 de la Khyber pass ?<\/a> (published on 15 april 2017)<\/li>\n<li><a href=\"https:\/\/gunsmithdesigner.com\/index.php\/2017\/11\/09\/winchester-94-demontage-du-canon\/\">Winchester 94, d\u00e9montage et remontage du canon<\/a> (published on 09 november 2017)<\/li>\n<li><a href=\"https:\/\/gunsmithdesigner.com\/index.php\/2018\/01\/07\/un-lebel-1886-a-kaboul\/\">Un Lebel 1886 \u00e0 Kaboul<\/a> (published on 07 january 2018)<\/li>\n<li><a href=\"https:\/\/gunsmithdesigner.com\/index.php\/2018\/01\/27\/revolver-charter-arms-une-autre-voie-vers-la-simplification\/\">Le revolver Charter arms, une autre voie vers la simplification<\/a> (published on 27 january 2018)<\/li>\n<li><a href=\"https:\/\/gunsmithdesigner.com\/index.php\/2018\/02\/25\/le-pistolet-amt-backup-2-en-380-auto-acp\/\">Le pistolet AMT Backup 2 en 380 acp<\/a> (published on 25 february 2018)<\/li>\n<li><a href=\"https:\/\/gunsmithdesigner.com\/index.php\/2018\/03\/08\/la-fonderie-a-la-cire-perdue-appliquee-a-la-fabrication-des-pieces-darmes\/\">La Fonderie \u00e0 la cire perdue appliqu\u00e9e \u00e0 la fabrication des pi\u00e8ces d&#8217;armes<\/a> (published on 06 march 2018)<\/li>\n<li><a href=\"https:\/\/gunsmithdesigner.com\/index.php\/2018\/03\/15\/le-pistolet-lepage-mle-1924-en-765-mm-browning\/\">Le pistolet Lepage Mle 1924 en 7,65 mm Browning<\/a> (published on 15 march 2018)<\/li>\n<li><a href=\"https:\/\/gunsmithdesigner.com\/index.php\/2018\/04\/29\/winchester-94-demontage-du-canon-ep-2\/\">Winchester 94, d\u00e9montage du canon ep 2<\/a> (published on 29 april 2018)<\/li>\n<li><a href=\"https:\/\/gunsmithdesigner.com\/index.php\/2018\/05\/10\/ruger-mk-2-demontage-remontage-du-canon\/\">Ruger MK II, d\u00e9montage et remontage du canon<\/a> (published on 10 may 2018)<\/li>\n<li><a href=\"https:\/\/gunsmithdesigner.com\/index.php\/2018\/05\/12\/schema-directeur-des-avancees-techniques-du-pistolet-reglementaire-francais\/\">Le sch\u00e9ma directeur des avanc\u00e9es techniques du pistolet r\u00e9glementaire fran\u00e7ais<\/a> (published on 12 may 2018)<\/li>\n<li><a href=\"https:\/\/gunsmithdesigner.com\/index.php\/2018\/05\/16\/le-successeur-du-pa-sig-pro-2022\/\">Le successeur du PA SIG PRO 2022<\/a> (published on 16 may 2018)<\/li>\n<li><a href=\"https:\/\/gunsmithdesigner.com\/index.php\/2018\/05\/21\/le-pistolet-mac-35-a\/\">Le pistolet MAC 35 A<\/a> (published on 21 may 2018)<\/li>\n<li><a href=\"https:\/\/gunsmithdesigner.com\/index.php\/2018\/05\/23\/la-simplification-par-la-division-et-le-pistolet-jager\/\">La simplification par la division et le pistolet Jager<\/a> (published on 23 may 2018)<\/li>\n<li><a href=\"https:\/\/gunsmithdesigner.com\/index.php\/2018\/05\/26\/le-pistolet-canik-tp9-sf\/\">Le pistolet CANIK TP9 SF<\/a> (published on 26 may 2018)<\/li>\n<li><a href=\"https:\/\/gunsmithdesigner.com\/index.php\/2018\/06\/11\/le-fusil-a-pompe-squire-bingham-calibre-12\/\">Le fusil \u00e0 pompe Squire Bingham calibre 12<\/a> (published on 11 june 2018)<\/li>\n<li><a href=\"https:\/\/gunsmithdesigner.com\/index.php\/2018\/10\/14\/le-revolver-colt-detective-en-38-sp\/\">Le revolver Colt D\u00e9tective en 38 sp<\/a> (published on 14 october 2018)<\/li>\n<li><a href=\"https:\/\/gunsmithdesigner.com\/index.php\/2018\/11\/01\/le-pistolet-walther-p38-p1-interarms-9mm\/\">Le pistolet Walther P38 \/ P1 Interarms en 9 mm<\/a> (published on 01 november 2018)<\/li>\n<li><a href=\"https:\/\/gunsmithdesigner.com\/index.php\/2018\/12\/04\/le-pa-mas-g1-s-1-2\/\">Le PA MAS G1 S 1\/2<\/a> (published on 04 d\u00e9cember 2018)<\/li>\n<li><a href=\"https:\/\/gunsmithdesigner.com\/index.php\/2018\/12\/12\/le-pistolet-ruger-sr9-en-9-mm\/\">Le pistolet Ruger SR9 en 9 mm<\/a> (published on 12 d\u00e9cember 2018)<\/li>\n<li><a href=\"https:\/\/gunsmithdesigner.com\/index.php\/2018\/12\/23\/le-pistolet-springfield-xd-9-sub-compact\/\">Le pistolet Springfield XD-9 sub-compact<\/a> (published on 23 d\u00e9cember 2018)<\/li>\n<li><a href=\"https:\/\/gunsmithdesigner.com\/index.php\/2018\/12\/29\/linsert-metallique-des-chargeurs-de-hk-ump\/\">L&#8217;insert m\u00e9tallique des chargeurs de HK UMP<\/a> (published on 29 d\u00e9cember 2018)<\/li>\n<li><a href=\"https:\/\/gunsmithdesigner.com\/index.php\/2019\/01\/07\/le-pa-mas-g1s-2-2\/\">Le PA MAS G1S 2\/2<\/a> (published on 07 january 2019)<\/li>\n<li><a href=\"https:\/\/gunsmithdesigner.com\/index.php\/2019\/01\/21\/le-pistolet-colt-combat-commander-en-45-acp\/\">Le pistolet Colt Combat Commander en 45 acp<\/a> (published on 21 january 2019)<\/li>\n<li><a href=\"https:\/\/gunsmithdesigner.com\/index.php\/2019\/02\/18\/le-mecanisme-pedretti\/\">Le m\u00e9canisme Pedretti<\/a> (published on 18 february 2019)<\/li>\n<li><a href=\"https:\/\/gunsmithdesigner.com\/index.php\/2019\/03\/10\/le-pistolet-walther-pp-en-765-browning\/\">Le pistolet Walther PP en 7,65 Browning<\/a> (published on 10 march 2019)<\/li>\n<li><a href=\"https:\/\/gunsmithdesigner.com\/index.php\/2019\/03\/30\/le-pistolet-manufrance-le-francais-en-765-mm\/\">Le pistolet Manufrance Le fran\u00e7ais en 7,65 mm<\/a> (published on 30 march 2019)<\/li>\n<li><a href=\"https:\/\/gunsmithdesigner.com\/index.php\/2019\/04\/13\/le-pistolet-manufrance-le-francais-en-635-mm\/\">Le pistolet Manufrance Le Fran\u00e7ais en 6,35 mm<\/a> (published on 13 april 2019)<\/li>\n<li><a href=\"https:\/\/gunsmithdesigner.com\/index.php\/2019\/04\/17\/un-canon-filete-pour-glock-17\/\">Un canon filet\u00e9 pour Glock 17<\/a> (published on 21 april 2019)<\/li>\n<li><a href=\"https:\/\/gunsmithdesigner.com\/index.php\/2019\/05\/05\/le-pistolet-rolling-block-uberti-en-22-lr\/\">Le pistolet rolling block Uberti en 22 Lr<\/a> (published on 27 april 2019)<\/li>\n<li><a href=\"https:\/\/gunsmithdesigner.com\/index.php\/2019\/05\/30\/le-pistolet-taurus-pt-140-pro-millenium-en-40-s-w\/\">Le pistolet Taurus PT 140 pro Millenium en 40 s\/w<\/a> (published on 30 may 2019)<\/li>\n<li>\u00a0<a href=\"https:\/\/gunsmithdesigner.com\/index.php\/2019\/06\/09\/les-inserts-metalliques-du-pistolet-ruger-sr9\/\">Les inserts m\u00e9talliques du pistolet Ruger SR9<\/a> (published on 08 june 2019)<\/li>\n<li><a href=\"https:\/\/gunsmithdesigner.com\/index.php\/2019\/06\/13\/la-kalashnikoff-ak47-airsoft-a-ressort-de-cybergun\/\">La Kalashnikov AK47 airsoft \u00e0 ressort de Cybergun<\/a> (published on 13 june 2019)<\/li>\n<li><a href=\"https:\/\/gunsmithdesigner.com\/index.php\/2019\/06\/23\/le-revolver-dan-et-wesson-en-357-magnum\/\">Le revolver Dan Wesson en 357 magnum<\/a> (published on 23 june 2019)<\/li>\n<li><a href=\"https:\/\/gunsmithdesigner.com\/index.php\/2019\/06\/30\/le-m4-a1-commando-airsoft-a-ressort-de-kiddos-airsoft\/\">Le M4-A1 commando airsoft \u00e0 ressort de Kiddos Airsoft<\/a> (published on 30 june 2019)<\/li>\n<li><a href=\"https:\/\/gunsmithdesigner.com\/index.php\/2019\/07\/08\/le-revolver-smith-et-wesson-bodyguard-en-38-sp-p\/\">Le revolver Smith et Wesson Bodyguard en 38 sp + P<\/a> (published on 07 july 2019)<\/li>\n<li><a href=\"https:\/\/gunsmithdesigner.com\/index.php\/2019\/07\/14\/le-revolver-smith-et-wesson-modele-10-en-calibre-38-sp\/\">Le revolver Smith et Wesson mod\u00e8le 10 en 38 sp<\/a> (published on 13 july 2019)<\/li>\n<li><a href=\"https:\/\/gunsmithdesigner.com\/index.php\/2019\/07\/14\/linsert-metallique-de-la-poignee-du-smith-et-wesson-bodyguard-en-38-sp-p\/\">Les inserts m\u00e9talliques de la poign\u00e9e du Smith et Wesson Bodyguard<\/a> (published on 14 july 2019)<\/li>\n<li><a href=\"https:\/\/gunsmithdesigner.com\/index.php\/2019\/07\/28\/le-revolver-smith-et-wesson-modele-1899-en-38-sp\/\">Le revolver Smith et Wesson mod\u00e8le 1899<\/a> (published on 27 july 2019)<\/li>\n<li><a href=\"https:\/\/gunsmithdesigner.com\/index.php\/2019\/10\/13\/le-pistolet-melior-en-635-mm\/\">Le pistolet M\u00e9lior en 6,35 mm<\/a> (published on 12 october 2019)<\/li>\n<li><a href=\"https:\/\/gunsmithdesigner.com\/index.php\/2019\/10\/23\/du-pas-des-rayures-et-de-la-longueur-des-canons\/\">Du pas des rayures et de la longueur des canons<\/a> (published on 23 october 2019)<\/li>\n<li><a href=\"https:\/\/gunsmithdesigner.com\/index.php\/2019\/11\/03\/le-pistolet-smith-et-wesson-bodyguard-en-380-auto\/\">Le pistolet Smith et Wesson Bodyguard en 380\u00a0 acp<\/a> (published on 03 november 2019)<\/li>\n<li><a href=\"https:\/\/gunsmithdesigner.com\/index.php\/2020\/03\/26\/le-revolver-colt-python-en-357-magnum\/\">Le revolver Colt Python en 357 magnum<\/a> (published on 20 march 2020)<\/li>\n<li><a href=\"https:\/\/gunsmithdesigner.com\/index.php\/2020\/04\/04\/le-revolver-manurhin-mr-73-en-357-magnum\/\">Le revolver Manurhin MR 73 en 357 magnum<\/a> (published on 11 april 2020)<\/li>\n<li><a href=\"https:\/\/gunsmithdesigner.com\/index.php\/2021\/02\/01\/le-pm-thompson-1928-a1-en-45-acp\/\">Le PM Thompson 1928 A1 en 45 acp<\/a> (published on 01 february 2021)<\/li>\n<li><a href=\"https:\/\/gunsmithdesigner.com\/index.php\/2021\/02\/28\/le-revolver-smith-et-wesson-modele-686-en-calibre-357-magnum\/\">Le revolver Smith et Wesson mod\u00e8le 686 en 357 magnum<\/a> (published on 28 february\u00a0\u00a0 2021)<\/li>\n<li><a href=\"https:\/\/gunsmithdesigner.com\/index.php\/2021\/05\/08\/le-revolver-smith-et-wesson-modele-36-en-calibre-38-sp\/\">Le revolver Smith et Wesson mod\u00e8le 36 en 38 special<\/a> (published on 08 march 2021)<\/li>\n<li><a href=\"https:\/\/gunsmithdesigner.com\/index.php\/2022\/04\/27\/le-pistolet-sig-pro-2022-airsoft-de-la-gendarmerie-nationale-par-cybergun-spartan\/\">Le pistolet SIG PRO 2022 Airsoft de la Gendarmerie Nationale de Spartan \/ Cybergun<\/a> (published on 30 april 2022)<\/li>\n<li><a href=\"https:\/\/gunsmithdesigner.com\/index.php\/2022\/05\/22\/le-pistolet-walther-manurhin-pp-sport-en-22-lr\/\">Le pistolet Walther \/ Manurhin PP Sport en 22 Lr<\/a> (published on 22 may 2022)<\/li>\n<li>The m\u00e9canism AK 47 (published soon)<\/li>\n<\/ol>\n","protected":false},"excerpt":{"rendered":"<p>You will find below the list of articles available on gunsmithdesiger.com. Click on the link to discover and read the article directly. Norinco jw15 didactic rifle (published on 17 july 2016) Revolver MAS mle 1892, r\u00e9alisation armuri\u00e8re et \u00e9volution du &hellip; <a href=\"https:\/\/gunsmithdesigner.com\/index.php\/articless-list\/\">Continuer la lecture <span class=\"meta-nav\">&rarr;<\/span><\/a><\/p>\n","protected":false},"author":1,"featured_media":0,"parent":0,"menu_order":0,"comment_status":"closed","ping_status":"closed","template":"","meta":{"_monsterinsights_skip_tracking":false,"_monsterinsights_sitenote_active":false,"_monsterinsights_sitenote_note":"","_monsterinsights_sitenote_category":0,"footnotes":""},"class_list":["post-4375","page","type-page","status-publish","hentry"],"yoast_head":"<!-- This site is optimized with the Yoast SEO plugin v24.9 - https:\/\/yoast.com\/wordpress\/plugins\/seo\/ -->\n<title>Articles&#039;s list - gunsmithdesigner.com<\/title>\n<meta name=\"robots\" content=\"index, follow, max-snippet:-1, max-image-preview:large, max-video-preview:-1\" \/>\n<link rel=\"canonical\" href=\"https:\/\/gunsmithdesigner.com\/index.php\/articless-list\/\" \/>\n<meta property=\"og:locale\" content=\"fr_FR\" \/>\n<meta property=\"og:type\" content=\"article\" \/>\n<meta property=\"og:title\" content=\"Articles&#039;s list - gunsmithdesigner.com\" \/>\n<meta property=\"og:description\" content=\"You will find below the list of articles available on gunsmithdesiger.com. Click on the link to discover and read the article directly. Norinco jw15 didactic rifle (published on 17 july 2016) Revolver MAS mle 1892, r\u00e9alisation armuri\u00e8re et \u00e9volution du &hellip; Continuer la lecture &rarr;\" \/>\n<meta property=\"og:url\" content=\"https:\/\/gunsmithdesigner.com\/index.php\/articless-list\/\" \/>\n<meta property=\"og:site_name\" content=\"gunsmithdesigner.com\" \/>\n<meta property=\"article:modified_time\" content=\"2022-05-22T18:03:05+00:00\" \/>\n<meta name=\"twitter:card\" content=\"summary_large_image\" \/>\n<meta name=\"twitter:label1\" content=\"Dur\u00e9e de lecture estim\u00e9e\" \/>\n\t<meta name=\"twitter:data1\" content=\"4 minutes\" \/>\n<script type=\"application\/ld+json\" class=\"yoast-schema-graph\">{\"@context\":\"https:\/\/schema.org\",\"@graph\":[{\"@type\":\"WebPage\",\"@id\":\"https:\/\/gunsmithdesigner.com\/index.php\/articless-list\/\",\"url\":\"https:\/\/gunsmithdesigner.com\/index.php\/articless-list\/\",\"name\":\"Articles's list - gunsmithdesigner.com\",\"isPartOf\":{\"@id\":\"https:\/\/gunsmithdesigner.com\/#website\"},\"datePublished\":\"2019-05-01T17:23:51+00:00\",\"dateModified\":\"2022-05-22T18:03:05+00:00\",\"breadcrumb\":{\"@id\":\"https:\/\/gunsmithdesigner.com\/index.php\/articless-list\/#breadcrumb\"},\"inLanguage\":\"fr-FR\",\"potentialAction\":[{\"@type\":\"ReadAction\",\"target\":[\"https:\/\/gunsmithdesigner.com\/index.php\/articless-list\/\"]}]},{\"@type\":\"BreadcrumbList\",\"@id\":\"https:\/\/gunsmithdesigner.com\/index.php\/articless-list\/#breadcrumb\",\"itemListElement\":[{\"@type\":\"ListItem\",\"position\":1,\"name\":\"Accueil\",\"item\":\"https:\/\/gunsmithdesigner.com\/\"},{\"@type\":\"ListItem\",\"position\":2,\"name\":\"Articles&rsquo;s list\"}]},{\"@type\":\"WebSite\",\"@id\":\"https:\/\/gunsmithdesigner.com\/#website\",\"url\":\"https:\/\/gunsmithdesigner.com\/\",\"name\":\"gunsmithdesigner.com\",\"description\":\"\",\"potentialAction\":[{\"@type\":\"SearchAction\",\"target\":{\"@type\":\"EntryPoint\",\"urlTemplate\":\"https:\/\/gunsmithdesigner.com\/?s={search_term_string}\"},\"query-input\":{\"@type\":\"PropertyValueSpecification\",\"valueRequired\":true,\"valueName\":\"search_term_string\"}}],\"inLanguage\":\"fr-FR\"}]}<\/script>\n<!-- \/ Yoast SEO plugin. -->","yoast_head_json":{"title":"Articles's list - gunsmithdesigner.com","robots":{"index":"index","follow":"follow","max-snippet":"max-snippet:-1","max-image-preview":"max-image-preview:large","max-video-preview":"max-video-preview:-1"},"canonical":"https:\/\/gunsmithdesigner.com\/index.php\/articless-list\/","og_locale":"fr_FR","og_type":"article","og_title":"Articles's list - gunsmithdesigner.com","og_description":"You will find below the list of articles available on gunsmithdesiger.com. Click on the link to discover and read the article directly. Norinco jw15 didactic rifle (published on 17 july 2016) Revolver MAS mle 1892, r\u00e9alisation armuri\u00e8re et \u00e9volution du &hellip; Continuer la lecture &rarr;","og_url":"https:\/\/gunsmithdesigner.com\/index.php\/articless-list\/","og_site_name":"gunsmithdesigner.com","article_modified_time":"2022-05-22T18:03:05+00:00","twitter_card":"summary_large_image","twitter_misc":{"Dur\u00e9e de lecture estim\u00e9e":"4 minutes"},"schema":{"@context":"https:\/\/schema.org","@graph":[{"@type":"WebPage","@id":"https:\/\/gunsmithdesigner.com\/index.php\/articless-list\/","url":"https:\/\/gunsmithdesigner.com\/index.php\/articless-list\/","name":"Articles's list - gunsmithdesigner.com","isPartOf":{"@id":"https:\/\/gunsmithdesigner.com\/#website"},"datePublished":"2019-05-01T17:23:51+00:00","dateModified":"2022-05-22T18:03:05+00:00","breadcrumb":{"@id":"https:\/\/gunsmithdesigner.com\/index.php\/articless-list\/#breadcrumb"},"inLanguage":"fr-FR","potentialAction":[{"@type":"ReadAction","target":["https:\/\/gunsmithdesigner.com\/index.php\/articless-list\/"]}]},{"@type":"BreadcrumbList","@id":"https:\/\/gunsmithdesigner.com\/index.php\/articless-list\/#breadcrumb","itemListElement":[{"@type":"ListItem","position":1,"name":"Accueil","item":"https:\/\/gunsmithdesigner.com\/"},{"@type":"ListItem","position":2,"name":"Articles&rsquo;s list"}]},{"@type":"WebSite","@id":"https:\/\/gunsmithdesigner.com\/#website","url":"https:\/\/gunsmithdesigner.com\/","name":"gunsmithdesigner.com","description":"","potentialAction":[{"@type":"SearchAction","target":{"@type":"EntryPoint","urlTemplate":"https:\/\/gunsmithdesigner.com\/?s={search_term_string}"},"query-input":{"@type":"PropertyValueSpecification","valueRequired":true,"valueName":"search_term_string"}}],"inLanguage":"fr-FR"}]}},"_links":{"self":[{"href":"https:\/\/gunsmithdesigner.com\/index.php\/wp-json\/wp\/v2\/pages\/4375","targetHints":{"allow":["GET"]}}],"collection":[{"href":"https:\/\/gunsmithdesigner.com\/index.php\/wp-json\/wp\/v2\/pages"}],"about":[{"href":"https:\/\/gunsmithdesigner.com\/index.php\/wp-json\/wp\/v2\/types\/page"}],"author":[{"embeddable":true,"href":"https:\/\/gunsmithdesigner.com\/index.php\/wp-json\/wp\/v2\/users\/1"}],"replies":[{"embeddable":true,"href":"https:\/\/gunsmithdesigner.com\/index.php\/wp-json\/wp\/v2\/comments?post=4375"}],"version-history":[{"count":20,"href":"https:\/\/gunsmithdesigner.com\/index.php\/wp-json\/wp\/v2\/pages\/4375\/revisions"}],"predecessor-version":[{"id":7669,"href":"https:\/\/gunsmithdesigner.com\/index.php\/wp-json\/wp\/v2\/pages\/4375\/revisions\/7669"}],"wp:attachment":[{"href":"https:\/\/gunsmithdesigner.com\/index.php\/wp-json\/wp\/v2\/media?parent=4375"}],"curies":[{"name":"wp","href":"https:\/\/api.w.org\/{rel}","templated":true}]}}