{"id":47,"date":"2019-05-01T18:32:39","date_gmt":"2019-05-01T17:32:39","guid":{"rendered":"http:\/\/gunsmithdesigner.com\/?page_id=47"},"modified":"2021-02-01T19:20:33","modified_gmt":"2021-02-01T18:20:33","slug":"aidez-nous","status":"publish","type":"page","link":"https:\/\/gunsmithdesigner.com\/index.php\/aidez-nous\/","title":{"rendered":"Nous aider"},"content":{"rendered":"<p style=\"text-align: justify\">La r\u00e9daction des articles demande un temps important en recherche et r\u00e9daction. Si vous souhaitez nous soutenir pour le temps pass\u00e9 et la mise \u00e0 votre disposition de ces articles, vous pouvez le faire de diff\u00e9rentes mani\u00e8res.<\/p>\n<p style=\"text-align: justify\">Dans le but de mieux vous servir, <strong>nous recherchons globalement :<\/strong><\/p>\n<ul>\n<li>A <strong>devenir ind\u00e9pendant<\/strong> pour avoir le temps de mettre en ligne davantage de contenu ;<\/li>\n<\/ul>\n<ul>\n<li>A <strong>collaborer et interagir avec d&#8217;autres r\u00e9dacteurs, \u00e9diteurs, traducteurs, entreprises<\/strong> ;<\/li>\n<\/ul>\n<ul>\n<li style=\"text-align: justify\"><strong>Tout \u00e9l\u00e9ments nous permettant\u00a0 d&#8217;approfondir nos connaissances sur les armes<\/strong>, le tir , l&#8217;histoire de l&#8217;armement, l&#8217;histoire des armuriers, l&#8217;histoire des techniques de fabrication, les techniques de conception des armes et accessoires. Notre but est la conservation du patrimoine armurier ;<\/li>\n<\/ul>\n<ul>\n<li style=\"text-align: justify\">A <strong>acqu\u00e9rir des mat\u00e9riels de mise en valeur de l&#8217;information<\/strong> tel que : Mat\u00e9riels photo (lampe, tr\u00e9pied, camera, appareil photo, &#8230;) , Logiciels (montage vid\u00e9o, retouche photo, mise en forme de contenu, &#8230;) ;<\/li>\n<\/ul>\n<ul>\n<li>A <strong>participer \u00e0 des formations<\/strong>.<\/li>\n<\/ul>\n<p style=\"text-align: justify\">Comment<strong> nous aider concr\u00e8tement<\/strong>, quelques exemples :<\/p>\n<ul>\n<li>Faites un don sur la page Tipeee : <a href=\"https:\/\/en.tipeee.com\/gunsmithdesigner-com\">gunsmithdesigner.com<\/a> \u00a0 \u00a0\u00a0 <a href=\"https:\/\/en.tipeee.com\/gunsmithdesigner-com\"><img loading=\"lazy\" decoding=\"async\" class=\"alignnone size-full wp-image-2246\" src=\"https:\/\/gunsmithdesigner.com\/wp-content\/uploads\/2018\/07\/index-2-e1532784828943.png\" alt=\"\" width=\"65\" height=\"65\" \/><\/a><\/li>\n<\/ul>\n<ul>\n<li>Faites un don sur Paypal : <a href=\"https:\/\/www.paypal.com\/fr\/webapps\/mpp\/merchant\">contact@gunsmithdesigner.com<\/a> <a href=\"https:\/\/www.paypal.com\/fr\/webapps\/mpp\/merchant\"><img loading=\"lazy\" decoding=\"async\" class=\"alignnone wp-image-4429\" src=\"https:\/\/gunsmithdesigner.com\/wp-content\/uploads\/2019\/05\/index-21-300x202.png\" alt=\"\" width=\"92\" height=\"62\" srcset=\"https:\/\/gunsmithdesigner.com\/wp-content\/uploads\/2019\/05\/index-21-300x202.png 300w, https:\/\/gunsmithdesigner.com\/wp-content\/uploads\/2019\/05\/index-21-768x518.png 768w, https:\/\/gunsmithdesigner.com\/wp-content\/uploads\/2019\/05\/index-21-1024x690.png 1024w, https:\/\/gunsmithdesigner.com\/wp-content\/uploads\/2019\/05\/index-21-600x404.png 600w, https:\/\/gunsmithdesigner.com\/wp-content\/uploads\/2019\/05\/index-21-1320x890.png 1320w, https:\/\/gunsmithdesigner.com\/wp-content\/uploads\/2019\/05\/index-21.png 1648w\" sizes=\"auto, (max-width: 92px) 100vw, 92px\" \/><\/a><\/li>\n<\/ul>\n<ul>\n<li style=\"text-align: justify\">Inscrivez vous \u00e0 la newsletter <a href=\"https:\/\/gunsmithdesigner.com\/index.php\/inscription-newsletter\/\">(inscription)<\/a> et recevez directement l&#8217;actualit\u00e9 du site ;<\/li>\n<\/ul>\n<ul>\n<li style=\"text-align: justify\">Ne jetez plus vos anciennes revues, livres, catalogues, notices, faites un don \u00e0 Gunsmithdesigner.com ;<\/li>\n<\/ul>\n<ul>\n<li style=\"text-align: justify\">Faites nous parvenir des photos d&#8217;armes didactiques montrant des portions du\u00a0 m\u00e9canisme de vos armes avec le mod\u00e8le exacte\u00a0 ;<\/li>\n<\/ul>\n<ul>\n<li style=\"text-align: justify\">Des entr\u00e9es de salons professionnels nous int\u00e9ressent ;<\/li>\n<\/ul>\n<ul>\n<li style=\"text-align: justify\">Nous souhaiterions r\u00e9aliser des interviews de collectionneurs, commerciaux, armuriers, ing\u00e9nieurs de l&#8217;armement,\u00a0 pour mieux appr\u00e9hender leurs choix et leur parcours ;<\/li>\n<\/ul>\n<ul>\n<li style=\"text-align: justify\">Nous voudrions proposer nos articles dans diverses langues. Nous recherchons des traducteurs b\u00e9n\u00e9voles ;<\/li>\n<\/ul>\n<ul>\n<li style=\"text-align: justify\">Des erreurs peuvent se glisser dans nos articles, si vous constatez celles-ci faites nous en part, fournissez nous les \u00e9l\u00e9ments venant \u00e0 l&#8217;appui de nos erreurs et nous rectifierons les articles concern\u00e9s ;<\/li>\n<\/ul>\n<ul>\n<li style=\"text-align: justify\">&#8230;..<\/li>\n<\/ul>\n<p style=\"text-align: justify\">Cette liste n&#8217;est pas exhaustive, elle sera mise \u00e0 jour r\u00e9guli\u00e8rement au fur et \u00e0 mesure des besoins et \u00e9volutions du site.<\/p>\n<p style=\"text-align: center\"><strong>N&#8217;h\u00e9sitez pas \u00e0 nous contacter par mail si n\u00e9cessaire :<br \/>\n<\/strong><\/p>\n<h2 style=\"text-align: center\"><strong>contact@gunsmithdesigner.com<\/strong><\/h2>\n<p>&nbsp;<\/p>\n<p>&nbsp;<\/p>\n","protected":false},"excerpt":{"rendered":"<p>La r\u00e9daction des articles demande un temps important en recherche et r\u00e9daction. Si vous souhaitez nous soutenir pour le temps pass\u00e9 et la mise \u00e0 votre disposition de ces articles, vous pouvez le faire de diff\u00e9rentes mani\u00e8res. Dans le but &hellip; <a href=\"https:\/\/gunsmithdesigner.com\/index.php\/aidez-nous\/\">Continuer la lecture <span class=\"meta-nav\">&rarr;<\/span><\/a><\/p>\n","protected":false},"author":1,"featured_media":0,"parent":0,"menu_order":0,"comment_status":"closed","ping_status":"closed","template":"","meta":{"_monsterinsights_skip_tracking":false,"_monsterinsights_sitenote_active":false,"_monsterinsights_sitenote_note":"","_monsterinsights_sitenote_category":0,"footnotes":""},"class_list":["post-47","page","type-page","status-publish","hentry"],"yoast_head":"<!-- This site is optimized with the Yoast SEO plugin v24.9 - https:\/\/yoast.com\/wordpress\/plugins\/seo\/ -->\n<title>Nous aider - gunsmithdesigner.com<\/title>\n<meta name=\"robots\" content=\"index, follow, max-snippet:-1, max-image-preview:large, max-video-preview:-1\" \/>\n<link rel=\"canonical\" href=\"https:\/\/gunsmithdesigner.com\/index.php\/aidez-nous\/\" \/>\n<meta property=\"og:locale\" content=\"fr_FR\" \/>\n<meta property=\"og:type\" content=\"article\" \/>\n<meta property=\"og:title\" content=\"Nous aider - gunsmithdesigner.com\" \/>\n<meta property=\"og:description\" content=\"La r\u00e9daction des articles demande un temps important en recherche et r\u00e9daction. Si vous souhaitez nous soutenir pour le temps pass\u00e9 et la mise \u00e0 votre disposition de ces articles, vous pouvez le faire de diff\u00e9rentes mani\u00e8res. Dans le but &hellip; Continuer la lecture &rarr;\" \/>\n<meta property=\"og:url\" content=\"https:\/\/gunsmithdesigner.com\/index.php\/aidez-nous\/\" \/>\n<meta property=\"og:site_name\" content=\"gunsmithdesigner.com\" \/>\n<meta property=\"article:modified_time\" content=\"2021-02-01T18:20:33+00:00\" \/>\n<meta property=\"og:image\" content=\"https:\/\/gunsmithdesigner.com\/wp-content\/uploads\/2018\/07\/index-2-e1532784828943.png\" \/>\n<meta name=\"twitter:card\" content=\"summary_large_image\" \/>\n<meta name=\"twitter:label1\" content=\"Dur\u00e9e de lecture estim\u00e9e\" \/>\n\t<meta name=\"twitter:data1\" content=\"2 minutes\" \/>\n<script type=\"application\/ld+json\" class=\"yoast-schema-graph\">{\"@context\":\"https:\/\/schema.org\",\"@graph\":[{\"@type\":\"WebPage\",\"@id\":\"https:\/\/gunsmithdesigner.com\/index.php\/aidez-nous\/\",\"url\":\"https:\/\/gunsmithdesigner.com\/index.php\/aidez-nous\/\",\"name\":\"Nous aider - gunsmithdesigner.com\",\"isPartOf\":{\"@id\":\"https:\/\/gunsmithdesigner.com\/#website\"},\"primaryImageOfPage\":{\"@id\":\"https:\/\/gunsmithdesigner.com\/index.php\/aidez-nous\/#primaryimage\"},\"image\":{\"@id\":\"https:\/\/gunsmithdesigner.com\/index.php\/aidez-nous\/#primaryimage\"},\"thumbnailUrl\":\"https:\/\/gunsmithdesigner.com\/wp-content\/uploads\/2018\/07\/index-2-e1532784828943.png\",\"datePublished\":\"2019-05-01T17:32:39+00:00\",\"dateModified\":\"2021-02-01T18:20:33+00:00\",\"breadcrumb\":{\"@id\":\"https:\/\/gunsmithdesigner.com\/index.php\/aidez-nous\/#breadcrumb\"},\"inLanguage\":\"fr-FR\",\"potentialAction\":[{\"@type\":\"ReadAction\",\"target\":[\"https:\/\/gunsmithdesigner.com\/index.php\/aidez-nous\/\"]}]},{\"@type\":\"ImageObject\",\"inLanguage\":\"fr-FR\",\"@id\":\"https:\/\/gunsmithdesigner.com\/index.php\/aidez-nous\/#primaryimage\",\"url\":\"https:\/\/gunsmithdesigner.com\/wp-content\/uploads\/2018\/07\/index-2-e1532784828943.png\",\"contentUrl\":\"https:\/\/gunsmithdesigner.com\/wp-content\/uploads\/2018\/07\/index-2-e1532784828943.png\",\"width\":65,\"height\":65},{\"@type\":\"BreadcrumbList\",\"@id\":\"https:\/\/gunsmithdesigner.com\/index.php\/aidez-nous\/#breadcrumb\",\"itemListElement\":[{\"@type\":\"ListItem\",\"position\":1,\"name\":\"Accueil\",\"item\":\"https:\/\/gunsmithdesigner.com\/\"},{\"@type\":\"ListItem\",\"position\":2,\"name\":\"Nous aider\"}]},{\"@type\":\"WebSite\",\"@id\":\"https:\/\/gunsmithdesigner.com\/#website\",\"url\":\"https:\/\/gunsmithdesigner.com\/\",\"name\":\"gunsmithdesigner.com\",\"description\":\"\",\"potentialAction\":[{\"@type\":\"SearchAction\",\"target\":{\"@type\":\"EntryPoint\",\"urlTemplate\":\"https:\/\/gunsmithdesigner.com\/?s={search_term_string}\"},\"query-input\":{\"@type\":\"PropertyValueSpecification\",\"valueRequired\":true,\"valueName\":\"search_term_string\"}}],\"inLanguage\":\"fr-FR\"}]}<\/script>\n<!-- \/ Yoast SEO plugin. -->","yoast_head_json":{"title":"Nous aider - gunsmithdesigner.com","robots":{"index":"index","follow":"follow","max-snippet":"max-snippet:-1","max-image-preview":"max-image-preview:large","max-video-preview":"max-video-preview:-1"},"canonical":"https:\/\/gunsmithdesigner.com\/index.php\/aidez-nous\/","og_locale":"fr_FR","og_type":"article","og_title":"Nous aider - gunsmithdesigner.com","og_description":"La r\u00e9daction des articles demande un temps important en recherche et r\u00e9daction. Si vous souhaitez nous soutenir pour le temps pass\u00e9 et la mise \u00e0 votre disposition de ces articles, vous pouvez le faire de diff\u00e9rentes mani\u00e8res. Dans le but &hellip; Continuer la lecture &rarr;","og_url":"https:\/\/gunsmithdesigner.com\/index.php\/aidez-nous\/","og_site_name":"gunsmithdesigner.com","article_modified_time":"2021-02-01T18:20:33+00:00","og_image":[{"url":"https:\/\/gunsmithdesigner.com\/wp-content\/uploads\/2018\/07\/index-2-e1532784828943.png","type":"","width":"","height":""}],"twitter_card":"summary_large_image","twitter_misc":{"Dur\u00e9e de lecture estim\u00e9e":"2 minutes"},"schema":{"@context":"https:\/\/schema.org","@graph":[{"@type":"WebPage","@id":"https:\/\/gunsmithdesigner.com\/index.php\/aidez-nous\/","url":"https:\/\/gunsmithdesigner.com\/index.php\/aidez-nous\/","name":"Nous aider - gunsmithdesigner.com","isPartOf":{"@id":"https:\/\/gunsmithdesigner.com\/#website"},"primaryImageOfPage":{"@id":"https:\/\/gunsmithdesigner.com\/index.php\/aidez-nous\/#primaryimage"},"image":{"@id":"https:\/\/gunsmithdesigner.com\/index.php\/aidez-nous\/#primaryimage"},"thumbnailUrl":"https:\/\/gunsmithdesigner.com\/wp-content\/uploads\/2018\/07\/index-2-e1532784828943.png","datePublished":"2019-05-01T17:32:39+00:00","dateModified":"2021-02-01T18:20:33+00:00","breadcrumb":{"@id":"https:\/\/gunsmithdesigner.com\/index.php\/aidez-nous\/#breadcrumb"},"inLanguage":"fr-FR","potentialAction":[{"@type":"ReadAction","target":["https:\/\/gunsmithdesigner.com\/index.php\/aidez-nous\/"]}]},{"@type":"ImageObject","inLanguage":"fr-FR","@id":"https:\/\/gunsmithdesigner.com\/index.php\/aidez-nous\/#primaryimage","url":"https:\/\/gunsmithdesigner.com\/wp-content\/uploads\/2018\/07\/index-2-e1532784828943.png","contentUrl":"https:\/\/gunsmithdesigner.com\/wp-content\/uploads\/2018\/07\/index-2-e1532784828943.png","width":65,"height":65},{"@type":"BreadcrumbList","@id":"https:\/\/gunsmithdesigner.com\/index.php\/aidez-nous\/#breadcrumb","itemListElement":[{"@type":"ListItem","position":1,"name":"Accueil","item":"https:\/\/gunsmithdesigner.com\/"},{"@type":"ListItem","position":2,"name":"Nous aider"}]},{"@type":"WebSite","@id":"https:\/\/gunsmithdesigner.com\/#website","url":"https:\/\/gunsmithdesigner.com\/","name":"gunsmithdesigner.com","description":"","potentialAction":[{"@type":"SearchAction","target":{"@type":"EntryPoint","urlTemplate":"https:\/\/gunsmithdesigner.com\/?s={search_term_string}"},"query-input":{"@type":"PropertyValueSpecification","valueRequired":true,"valueName":"search_term_string"}}],"inLanguage":"fr-FR"}]}},"_links":{"self":[{"href":"https:\/\/gunsmithdesigner.com\/index.php\/wp-json\/wp\/v2\/pages\/47","targetHints":{"allow":["GET"]}}],"collection":[{"href":"https:\/\/gunsmithdesigner.com\/index.php\/wp-json\/wp\/v2\/pages"}],"about":[{"href":"https:\/\/gunsmithdesigner.com\/index.php\/wp-json\/wp\/v2\/types\/page"}],"author":[{"embeddable":true,"href":"https:\/\/gunsmithdesigner.com\/index.php\/wp-json\/wp\/v2\/users\/1"}],"replies":[{"embeddable":true,"href":"https:\/\/gunsmithdesigner.com\/index.php\/wp-json\/wp\/v2\/comments?post=47"}],"version-history":[{"count":2,"href":"https:\/\/gunsmithdesigner.com\/index.php\/wp-json\/wp\/v2\/pages\/47\/revisions"}],"predecessor-version":[{"id":7332,"href":"https:\/\/gunsmithdesigner.com\/index.php\/wp-json\/wp\/v2\/pages\/47\/revisions\/7332"}],"wp:attachment":[{"href":"https:\/\/gunsmithdesigner.com\/index.php\/wp-json\/wp\/v2\/media?parent=47"}],"curies":[{"name":"wp","href":"https:\/\/api.w.org\/{rel}","templated":true}]}}