{"id":9,"date":"2019-05-01T18:36:31","date_gmt":"2019-05-01T17:36:31","guid":{"rendered":"http:\/\/gunsmithdesigner.com\/?page_id=9"},"modified":"2019-07-14T21:53:31","modified_gmt":"2019-07-14T20:53:31","slug":"gunsmith-designer-presentation","status":"publish","type":"page","link":"https:\/\/gunsmithdesigner.com\/index.php\/gunsmith-designer-presentation\/","title":{"rendered":"Pr\u00e9sentation"},"content":{"rendered":"<p style=\"text-align: justify\">Bonjour \u00e0 toutes et \u00e0 tous,<\/p>\n<p style=\"text-align: justify\">Armurier, dipl\u00f4m\u00e9 du lyc\u00e9e Benoit Fourneyron de St Etienne (France), je cr\u00e9e ce blog\u00a0 dans le but de r\u00e9pandre des connaissances techniques sur les armes \u00e0 feu, leurs accessoires, leurs utilisations.<\/p>\n<p style=\"text-align: justify\">Le pr\u00e9sent blog est en relation avec :<\/p>\n<ul>\n<li style=\"text-align: justify\">La page Facebook : <a href=\"https:\/\/www.facebook.com\/Gunsmith-designer-984919054931819\/\">Gunsmith designer<\/a> \u00a0\u00a0\u00a0 \u00a0 \u00a0 \u00a0 \u00a0 \u00a0 \u00a0 \u00a0 \u00a0\u00a0 \u00a0 \u00a0 \u00a0\u00a0\u00a0\u00a0 <a href=\"https:\/\/www.facebook.com\/Gunsmith-designer-984919054931819\/\" rel=\"https:\/\/www.facebook.com\/Gunsmith-designer-984919054931819\/\"><img loading=\"lazy\" decoding=\"async\" class=\"alignnone wp-image-237\" src=\"http:\/\/gunsmithdesigner.com\/wp-content\/uploads\/2016\/07\/Facebook_Logo-19-e1477853065238.gif\" alt=\"facebook_logo-19\" width=\"70\" height=\"83\" \/><\/a><\/li>\n<\/ul>\n<p>&nbsp;<\/p>\n<ul>\n<li>La page Pinterest : <a href=\"https:\/\/www.pinterest.com\/Gunsmithdesigner\/pins\/\">gunsmithdesigner.com<\/a> \u00a0\u00a0\u00a0\u00a0\u00a0\u00a0\u00a0\u00a0 \u00a0\u00a0 \u00a0 \u00a0 \u00a0 \u00a0 \u00a0 \u00a0 <a href=\"https:\/\/www.pinterest.com\/Gunsmithdesigner\/pins\/\"><img loading=\"lazy\" decoding=\"async\" class=\"alignnone wp-image-1075\" src=\"https:\/\/gunsmithdesigner.com\/wp-content\/uploads\/2018\/01\/index.png\" alt=\"\" width=\"70\" height=\"70\" srcset=\"https:\/\/gunsmithdesigner.com\/wp-content\/uploads\/2018\/01\/index.png 115w, https:\/\/gunsmithdesigner.com\/wp-content\/uploads\/2018\/01\/index-100x100.png 100w\" sizes=\"auto, (max-width: 70px) 100vw, 70px\" \/><\/a><\/li>\n<\/ul>\n<p>&nbsp;<\/p>\n<ul>\n<li>La chaine Youtube : <a href=\"https:\/\/www.youtube.com\/channel\/UCmaiulA08ZkATXmVfqkg6eQ\">gunsmithdesigner.com<\/a> \u00a0 \u00a0 \u00a0 \u00a0 \u00a0 \u00a0 \u00a0\u00a0 \u00a0 \u00a0\u00a0 \u00a0\u00a0 <a href=\"https:\/\/www.youtube.com\/channel\/UCmaiulA08ZkATXmVfqkg6eQ\"><img loading=\"lazy\" decoding=\"async\" class=\"alignnone wp-image-1414 size-full\" src=\"https:\/\/gunsmithdesigner.com\/wp-content\/uploads\/2018\/03\/logo-you-tube-e1525990051197.jpg\" alt=\"\" width=\"65\" height=\"65\" \/><\/a><\/li>\n<\/ul>\n<p>&nbsp;<\/p>\n<ul>\n<li>La page tipeee : <a href=\"https:\/\/en.tipeee.com\/gunsmithdesigner-com\">gunsmithdesigner.com<\/a> \u00a0 \u00a0 \u00a0 \u00a0 \u00a0 \u00a0 \u00a0 \u00a0 \u00a0 \u00a0 \u00a0 \u00a0\u00a0 \u00a0 \u00a0\u00a0\u00a0\u00a0 <a href=\"https:\/\/en.tipeee.com\/gunsmithdesigner-com\"><img loading=\"lazy\" decoding=\"async\" class=\"alignnone wp-image-2246\" src=\"https:\/\/gunsmithdesigner.com\/wp-content\/uploads\/2018\/07\/index-2.png\" alt=\"\" width=\"65\" height=\"65\" \/><\/a><\/li>\n<\/ul>\n<p>&nbsp;<\/p>\n<ul>\n<li>Le compte Paypal : <a href=\"https:\/\/www.paypal.com\/fr\/webapps\/mpp\/merchant\">contact@gunsmithdesigner.com<\/a>\u00a0\u00a0\u00a0\u00a0 <a href=\"https:\/\/www.paypal.com\/fr\/webapps\/mpp\/merchant\"><img loading=\"lazy\" decoding=\"async\" class=\"alignnone wp-image-4435\" src=\"https:\/\/gunsmithdesigner.com\/wp-content\/uploads\/2019\/05\/index-21-1-300x202.png\" alt=\"\" width=\"98\" height=\"66\" srcset=\"https:\/\/gunsmithdesigner.com\/wp-content\/uploads\/2019\/05\/index-21-1-300x202.png 300w, https:\/\/gunsmithdesigner.com\/wp-content\/uploads\/2019\/05\/index-21-1-768x518.png 768w, https:\/\/gunsmithdesigner.com\/wp-content\/uploads\/2019\/05\/index-21-1-1024x690.png 1024w, https:\/\/gunsmithdesigner.com\/wp-content\/uploads\/2019\/05\/index-21-1-600x404.png 600w, https:\/\/gunsmithdesigner.com\/wp-content\/uploads\/2019\/05\/index-21-1-1320x890.png 1320w, https:\/\/gunsmithdesigner.com\/wp-content\/uploads\/2019\/05\/index-21-1.png 1648w\" sizes=\"auto, (max-width: 98px) 100vw, 98px\" \/><\/a><\/li>\n<\/ul>\n<p>&nbsp;<\/p>\n<p style=\"text-align: justify\">Au fur et \u00e0 mesure de mes opportunit\u00e9s et d\u00e9couvertes, je vous <strong>d\u00e9taille des m\u00e9canismes d&#8217;armes<\/strong> qui ont un int\u00e9r\u00eat particulier. A travers les si\u00e8cles, selon l&#8217;esprit et les moyens de l&#8217;\u00e9poque, de tr\u00e8s nombreux m\u00e9canismes d&#8217;armes ont \u00e9t\u00e9 invent\u00e9s. La source d&#8217;inspiration des articles \u00e0 venir est consid\u00e9rable.<\/p>\n<p style=\"text-align: justify\">La <strong>comparaison de m\u00e9canismes<\/strong> \u00e9quivalents mais de marques diff\u00e9rentes apporte de nombreuses informations sur les choix fait par les concepteurs et manufactures pour construire leurs produits. Ainsi pour un produit de m\u00eame type et d&#8217;utilisation identique (par exemple : deux carabines 22Lr \u00e0 verrou de marques diff\u00e9rentes) les choix industriels peuvent \u00eatre diam\u00e9tralement vari\u00e9s.<\/p>\n<p style=\"text-align: justify\">Pour chaque type d&#8217;arme, il existe un <strong>sch\u00e9ma directeur des avanc\u00e9es techniques<\/strong>. Ce fil conducteur d\u00e9bute par la conception et la r\u00e9alisation avec les moyens du moment d&#8217;un mod\u00e8le qui sort de l&#8217;ordinaire et qui devient un succ\u00e8s commercial : le premier revolver, le premier fusil \u00e0 silex, le premier fusil \u00e0 verrou &#8230;. Si l&#8217;on d\u00e9roule la pelote, depuis l&#8217;origine \u00e0 nos jours, on a alors sous les yeux le sch\u00e9ma directeur des avanc\u00e9s techniques pour un type d&#8217;arme donn\u00e9. Ce chemin est jalonn\u00e9 par les innovations ajout\u00e9s au produit d&#8217;origine. Je souhaite <strong>vous faire d\u00e9couvrir ces avanc\u00e9es<\/strong>.<\/p>\n<p style=\"text-align: justify\">On peut d\u00e9cliner ce principe en \u00e9tudiant le sch\u00e9ma directeur des avanc\u00e9es techniques d&#8217;un type d&#8217;arme donn\u00e9e (fusils r\u00e9glementaires, armes de poings r\u00e9glementaires&#8230;), pour une p\u00e9riode d\u00e9finie (de 1900 \u00e0 1950 , de l&#8217;origine \u00e0 nos jours&#8230;), dans une zone g\u00e9ographique plus ou moins grande (pays, groupe de pays, mondiale&#8230;). Cela vous donne diverses donn\u00e9es qui peuvent \u00eatre compar\u00e9es, exploit\u00e9es, interpr\u00e9t\u00e9es. Elles apportent <strong>un \u00e9clairage nouveau sur la technique de l&#8217;armement.<\/strong><\/p>\n<p>J&#8217;aimerais apporter ma pierre \u00e0 l&#8217;\u00e9difice de la vulgarisation du monde de l&#8217;armement en <strong>cr\u00e9ant du partage<\/strong> de connaissances afin que chacun, vous et moi, puissions grandir en communiquant autour de notre passion : le monde des armes \u00e0 feu l\u00e9g\u00e8res, ce qui, je l&#8217;esp\u00e8re, cr\u00e9era des vocations d&#8217;armurier.<\/p>\n<div class=\"text-wrap tlid-copy-target\">\n<p class=\"result-shield-container tlid-copy-target\" style=\"text-align: center\"><strong><span class=\"tlid-translation translation\" lang=\"en\"><span class=\"\" title=\"\">\u00a0<\/span><\/span><\/strong><\/p>\n<\/div>\n<p style=\"text-align: center\"><strong>Les articles et photos en ligne sont la propri\u00e9t\u00e9 du site : <\/strong><\/p>\n<h2 style=\"text-align: center\"><strong>gunsmithdesigner.com <\/strong><\/h2>\n<p style=\"text-align: justify\"><strong>Toute reproduction, compl\u00e8te ou partielle, est soumise \u00e0 l&#8217;approbation de l&#8217;administrateur du site. Pour toute demande, envoyer un mail \u00e0 l&#8217;adresse suivante :<\/strong><\/p>\n<h2 style=\"text-align: center\"><strong>contact@gunsmithdesigner.com<\/strong><\/h2>\n<p>&nbsp;<\/p>\n<p style=\"text-align: center\">Si vous souhaitez nous soutenir, cliquer sur le lien ci-dessous :<\/p>\n<h2 style=\"text-align: center\"><a href=\"http:\/\/gunsmithdesigner.com\/index.php\/aidez-nous\/\"><strong>Nous aider<\/strong><\/a><\/h2>\n<p>&nbsp;<\/p>\n","protected":false},"excerpt":{"rendered":"<p>Bonjour \u00e0 toutes et \u00e0 tous, Armurier, dipl\u00f4m\u00e9 du lyc\u00e9e Benoit Fourneyron de St Etienne (France), je cr\u00e9e ce blog\u00a0 dans le but de r\u00e9pandre des connaissances techniques sur les armes \u00e0 feu, leurs accessoires, leurs utilisations. Le pr\u00e9sent blog &hellip; <a href=\"https:\/\/gunsmithdesigner.com\/index.php\/gunsmith-designer-presentation\/\">Continuer la lecture <span class=\"meta-nav\">&rarr;<\/span><\/a><\/p>\n","protected":false},"author":1,"featured_media":0,"parent":0,"menu_order":0,"comment_status":"closed","ping_status":"closed","template":"","meta":{"_monsterinsights_skip_tracking":false,"_monsterinsights_sitenote_active":false,"_monsterinsights_sitenote_note":"","_monsterinsights_sitenote_category":0,"footnotes":""},"class_list":["post-9","page","type-page","status-publish","hentry"],"yoast_head":"<!-- This site is optimized with the Yoast SEO plugin v24.9 - https:\/\/yoast.com\/wordpress\/plugins\/seo\/ -->\n<title>Pr\u00e9sentation - gunsmithdesigner.com<\/title>\n<meta name=\"robots\" content=\"index, follow, max-snippet:-1, max-image-preview:large, max-video-preview:-1\" \/>\n<link rel=\"canonical\" href=\"https:\/\/gunsmithdesigner.com\/index.php\/gunsmith-designer-presentation\/\" \/>\n<meta property=\"og:locale\" content=\"fr_FR\" \/>\n<meta property=\"og:type\" content=\"article\" \/>\n<meta property=\"og:title\" content=\"Pr\u00e9sentation - gunsmithdesigner.com\" \/>\n<meta property=\"og:description\" content=\"Bonjour \u00e0 toutes et \u00e0 tous, Armurier, dipl\u00f4m\u00e9 du lyc\u00e9e Benoit Fourneyron de St Etienne (France), je cr\u00e9e ce blog\u00a0 dans le but de r\u00e9pandre des connaissances techniques sur les armes \u00e0 feu, leurs accessoires, leurs utilisations. Le pr\u00e9sent blog &hellip; Continuer la lecture &rarr;\" \/>\n<meta property=\"og:url\" content=\"https:\/\/gunsmithdesigner.com\/index.php\/gunsmith-designer-presentation\/\" \/>\n<meta property=\"og:site_name\" content=\"gunsmithdesigner.com\" \/>\n<meta property=\"article:modified_time\" content=\"2019-07-14T20:53:31+00:00\" \/>\n<meta property=\"og:image\" content=\"http:\/\/gunsmithdesigner.com\/wp-content\/uploads\/2016\/07\/Facebook_Logo-19-e1477853065238.gif\" \/>\n<meta name=\"twitter:card\" content=\"summary_large_image\" \/>\n<meta name=\"twitter:label1\" content=\"Dur\u00e9e de lecture estim\u00e9e\" \/>\n\t<meta name=\"twitter:data1\" content=\"2 minutes\" \/>\n<script type=\"application\/ld+json\" class=\"yoast-schema-graph\">{\"@context\":\"https:\/\/schema.org\",\"@graph\":[{\"@type\":\"WebPage\",\"@id\":\"https:\/\/gunsmithdesigner.com\/index.php\/gunsmith-designer-presentation\/\",\"url\":\"https:\/\/gunsmithdesigner.com\/index.php\/gunsmith-designer-presentation\/\",\"name\":\"Pr\u00e9sentation - gunsmithdesigner.com\",\"isPartOf\":{\"@id\":\"https:\/\/gunsmithdesigner.com\/#website\"},\"primaryImageOfPage\":{\"@id\":\"https:\/\/gunsmithdesigner.com\/index.php\/gunsmith-designer-presentation\/#primaryimage\"},\"image\":{\"@id\":\"https:\/\/gunsmithdesigner.com\/index.php\/gunsmith-designer-presentation\/#primaryimage\"},\"thumbnailUrl\":\"http:\/\/gunsmithdesigner.com\/wp-content\/uploads\/2016\/07\/Facebook_Logo-19-e1477853065238.gif\",\"datePublished\":\"2019-05-01T17:36:31+00:00\",\"dateModified\":\"2019-07-14T20:53:31+00:00\",\"breadcrumb\":{\"@id\":\"https:\/\/gunsmithdesigner.com\/index.php\/gunsmith-designer-presentation\/#breadcrumb\"},\"inLanguage\":\"fr-FR\",\"potentialAction\":[{\"@type\":\"ReadAction\",\"target\":[\"https:\/\/gunsmithdesigner.com\/index.php\/gunsmith-designer-presentation\/\"]}]},{\"@type\":\"ImageObject\",\"inLanguage\":\"fr-FR\",\"@id\":\"https:\/\/gunsmithdesigner.com\/index.php\/gunsmith-designer-presentation\/#primaryimage\",\"url\":\"https:\/\/gunsmithdesigner.com\/wp-content\/uploads\/2016\/07\/Facebook_Logo-19-e1477853065238.gif\",\"contentUrl\":\"https:\/\/gunsmithdesigner.com\/wp-content\/uploads\/2016\/07\/Facebook_Logo-19-e1477853065238.gif\",\"width\":100,\"height\":119},{\"@type\":\"BreadcrumbList\",\"@id\":\"https:\/\/gunsmithdesigner.com\/index.php\/gunsmith-designer-presentation\/#breadcrumb\",\"itemListElement\":[{\"@type\":\"ListItem\",\"position\":1,\"name\":\"Accueil\",\"item\":\"https:\/\/gunsmithdesigner.com\/\"},{\"@type\":\"ListItem\",\"position\":2,\"name\":\"Pr\u00e9sentation\"}]},{\"@type\":\"WebSite\",\"@id\":\"https:\/\/gunsmithdesigner.com\/#website\",\"url\":\"https:\/\/gunsmithdesigner.com\/\",\"name\":\"gunsmithdesigner.com\",\"description\":\"\",\"potentialAction\":[{\"@type\":\"SearchAction\",\"target\":{\"@type\":\"EntryPoint\",\"urlTemplate\":\"https:\/\/gunsmithdesigner.com\/?s={search_term_string}\"},\"query-input\":{\"@type\":\"PropertyValueSpecification\",\"valueRequired\":true,\"valueName\":\"search_term_string\"}}],\"inLanguage\":\"fr-FR\"}]}<\/script>\n<!-- \/ Yoast SEO plugin. -->","yoast_head_json":{"title":"Pr\u00e9sentation - gunsmithdesigner.com","robots":{"index":"index","follow":"follow","max-snippet":"max-snippet:-1","max-image-preview":"max-image-preview:large","max-video-preview":"max-video-preview:-1"},"canonical":"https:\/\/gunsmithdesigner.com\/index.php\/gunsmith-designer-presentation\/","og_locale":"fr_FR","og_type":"article","og_title":"Pr\u00e9sentation - gunsmithdesigner.com","og_description":"Bonjour \u00e0 toutes et \u00e0 tous, Armurier, dipl\u00f4m\u00e9 du lyc\u00e9e Benoit Fourneyron de St Etienne (France), je cr\u00e9e ce blog\u00a0 dans le but de r\u00e9pandre des connaissances techniques sur les armes \u00e0 feu, leurs accessoires, leurs utilisations. Le pr\u00e9sent blog &hellip; Continuer la lecture &rarr;","og_url":"https:\/\/gunsmithdesigner.com\/index.php\/gunsmith-designer-presentation\/","og_site_name":"gunsmithdesigner.com","article_modified_time":"2019-07-14T20:53:31+00:00","og_image":[{"url":"http:\/\/gunsmithdesigner.com\/wp-content\/uploads\/2016\/07\/Facebook_Logo-19-e1477853065238.gif","type":"","width":"","height":""}],"twitter_card":"summary_large_image","twitter_misc":{"Dur\u00e9e de lecture estim\u00e9e":"2 minutes"},"schema":{"@context":"https:\/\/schema.org","@graph":[{"@type":"WebPage","@id":"https:\/\/gunsmithdesigner.com\/index.php\/gunsmith-designer-presentation\/","url":"https:\/\/gunsmithdesigner.com\/index.php\/gunsmith-designer-presentation\/","name":"Pr\u00e9sentation - gunsmithdesigner.com","isPartOf":{"@id":"https:\/\/gunsmithdesigner.com\/#website"},"primaryImageOfPage":{"@id":"https:\/\/gunsmithdesigner.com\/index.php\/gunsmith-designer-presentation\/#primaryimage"},"image":{"@id":"https:\/\/gunsmithdesigner.com\/index.php\/gunsmith-designer-presentation\/#primaryimage"},"thumbnailUrl":"http:\/\/gunsmithdesigner.com\/wp-content\/uploads\/2016\/07\/Facebook_Logo-19-e1477853065238.gif","datePublished":"2019-05-01T17:36:31+00:00","dateModified":"2019-07-14T20:53:31+00:00","breadcrumb":{"@id":"https:\/\/gunsmithdesigner.com\/index.php\/gunsmith-designer-presentation\/#breadcrumb"},"inLanguage":"fr-FR","potentialAction":[{"@type":"ReadAction","target":["https:\/\/gunsmithdesigner.com\/index.php\/gunsmith-designer-presentation\/"]}]},{"@type":"ImageObject","inLanguage":"fr-FR","@id":"https:\/\/gunsmithdesigner.com\/index.php\/gunsmith-designer-presentation\/#primaryimage","url":"https:\/\/gunsmithdesigner.com\/wp-content\/uploads\/2016\/07\/Facebook_Logo-19-e1477853065238.gif","contentUrl":"https:\/\/gunsmithdesigner.com\/wp-content\/uploads\/2016\/07\/Facebook_Logo-19-e1477853065238.gif","width":100,"height":119},{"@type":"BreadcrumbList","@id":"https:\/\/gunsmithdesigner.com\/index.php\/gunsmith-designer-presentation\/#breadcrumb","itemListElement":[{"@type":"ListItem","position":1,"name":"Accueil","item":"https:\/\/gunsmithdesigner.com\/"},{"@type":"ListItem","position":2,"name":"Pr\u00e9sentation"}]},{"@type":"WebSite","@id":"https:\/\/gunsmithdesigner.com\/#website","url":"https:\/\/gunsmithdesigner.com\/","name":"gunsmithdesigner.com","description":"","potentialAction":[{"@type":"SearchAction","target":{"@type":"EntryPoint","urlTemplate":"https:\/\/gunsmithdesigner.com\/?s={search_term_string}"},"query-input":{"@type":"PropertyValueSpecification","valueRequired":true,"valueName":"search_term_string"}}],"inLanguage":"fr-FR"}]}},"_links":{"self":[{"href":"https:\/\/gunsmithdesigner.com\/index.php\/wp-json\/wp\/v2\/pages\/9","targetHints":{"allow":["GET"]}}],"collection":[{"href":"https:\/\/gunsmithdesigner.com\/index.php\/wp-json\/wp\/v2\/pages"}],"about":[{"href":"https:\/\/gunsmithdesigner.com\/index.php\/wp-json\/wp\/v2\/types\/page"}],"author":[{"embeddable":true,"href":"https:\/\/gunsmithdesigner.com\/index.php\/wp-json\/wp\/v2\/users\/1"}],"replies":[{"embeddable":true,"href":"https:\/\/gunsmithdesigner.com\/index.php\/wp-json\/wp\/v2\/comments?post=9"}],"version-history":[{"count":0,"href":"https:\/\/gunsmithdesigner.com\/index.php\/wp-json\/wp\/v2\/pages\/9\/revisions"}],"wp:attachment":[{"href":"https:\/\/gunsmithdesigner.com\/index.php\/wp-json\/wp\/v2\/media?parent=9"}],"curies":[{"name":"wp","href":"https:\/\/api.w.org\/{rel}","templated":true}]}}